{"id":14927,"date":"2023-08-01T10:00:00","date_gmt":"2023-08-01T08:00:00","guid":{"rendered":"https:\/\/www.riserva.it\/prodotto\/jagdgamaschen-aus-cordura\/"},"modified":"2025-08-01T15:05:23","modified_gmt":"2025-08-01T13:05:23","slug":"jagdgamaschen-aus-cordura","status":"publish","type":"product","link":"https:\/\/riserva.it\/de\/prodotto\/jagdgamaschen-aus-cordura\/","title":{"rendered":"Jagdgamaschen aus Cordura"},"content":{"rendered":"<p>Ergonomische Jagdgamaschen aus sehr strapazierf\u00e4higem Cordura Ripstop.<\/p>\n<ul>\n<li>Rei\u00dfverschluss durch Velcro Patte gesch\u00fctzt und durch Druckknopf verschlie\u00dfbar<\/li>\n<li>Wasserdichte und atmungsaktive innere Membran<\/li>\n<\/ul>\n<p>Ausgestattet mit Traction System, das viele Vorteile hat:<\/p>\n<ul>\n<li>Mehr Sicherheit beim Gehen<\/li>\n<li>Durch das System bleibt das Stahlseil unter der Schuhsohle konstant auf Spannung und wird somit das Risiko des Verhakens oder H\u00e4ngenbleibens deutlich verringert<\/li>\n<li>Einfaches Anziehen und ein\u00a0einfaches Einsteigen der Gamaschen mit allen Schuhtypen.<\/li>\n<li>Durch das System ist das umst\u00e4ndliche Schlie\u00dfen der herk\u00f6mmlichen Schnallenverschl\u00fcsse hinf\u00e4llig und sind die Gamaschen sehr schnell und mit nur wenigen Handgriffen angezogen.<\/li>\n<li>Einfacher Austausch! Bei Verschlei\u00df oder Rei\u00dfen des Stahlseils kann dieses sehr schnell und einfach ausgetauscht werden<\/li>\n<\/ul>\n<p>&nbsp;<\/p>\n","protected":false},"excerpt":{"rendered":"<p>Ergonomische Jagdgamaschen aus sehr strapazierf\u00e4higem Cordura Ripstop. Rei\u00dfverschluss durch Velcro Patte gesch\u00fctzt und durch Druckknopf verschlie\u00dfbar Wasserdichte und atmungsaktive innere Membran Ausgestattet mit Traction System, das<span class=\"excerpt-hellip\"> [\u2026]<\/span><\/p>\n","protected":false},"featured_media":3479,"comment_status":"closed","ping_status":"closed","template":"","meta":[],"product_brand":[],"product_cat":[1032],"product_tag":[],"class_list":{"0":"post-14927","1":"product","2":"type-product","3":"status-publish","4":"has-post-thumbnail","6":"product_cat-jagdgamaschen-und-beinlinge","7":"pa_colonna-acqua-3000-de","9":"first","10":"instock","11":"taxable","12":"shipping-taxable","13":"purchasable","14":"product-type-variable"},"_links":{"self":[{"href":"https:\/\/riserva.it\/de\/wp-json\/wp\/v2\/product\/14927","targetHints":{"allow":["GET"]}}],"collection":[{"href":"https:\/\/riserva.it\/de\/wp-json\/wp\/v2\/product"}],"about":[{"href":"https:\/\/riserva.it\/de\/wp-json\/wp\/v2\/types\/product"}],"replies":[{"embeddable":true,"href":"https:\/\/riserva.it\/de\/wp-json\/wp\/v2\/comments?post=14927"}],"version-history":[{"count":0,"href":"https:\/\/riserva.it\/de\/wp-json\/wp\/v2\/product\/14927\/revisions"}],"wp:featuredmedia":[{"embeddable":true,"href":"https:\/\/riserva.it\/de\/wp-json\/wp\/v2\/media\/3479"}],"wp:attachment":[{"href":"https:\/\/riserva.it\/de\/wp-json\/wp\/v2\/media?parent=14927"}],"wp:term":[{"taxonomy":"product_brand","embeddable":true,"href":"https:\/\/riserva.it\/de\/wp-json\/wp\/v2\/product_brand?post=14927"},{"taxonomy":"product_cat","embeddable":true,"href":"https:\/\/riserva.it\/de\/wp-json\/wp\/v2\/product_cat?post=14927"},{"taxonomy":"product_tag","embeddable":true,"href":"https:\/\/riserva.it\/de\/wp-json\/wp\/v2\/product_tag?post=14927"}],"curies":[{"name":"wp","href":"https:\/\/api.w.org\/{rel}","templated":true}]}}