{"id":14926,"date":"2023-08-01T10:00:00","date_gmt":"2023-08-01T08:00:00","guid":{"rendered":"https:\/\/www.riserva.it\/prodotto\/guaina-copri-ottica-in-neoprene\/"},"modified":"2025-08-27T16:33:04","modified_gmt":"2025-08-27T14:33:04","slug":"guaina-copri-ottica-in-neoprene","status":"publish","type":"product","link":"https:\/\/riserva.it\/de\/prodotto\/guaina-copri-ottica-in-neoprene\/","title":{"rendered":"Zielfernrohre Fall"},"content":{"rendered":"<p>Riserva Zielfernrohrcover aus Neopren. -Sicherer und optimaler Schutz f\u00fcr Zielfernrohre-Strapazierf\u00e4hig-Weich und leicht-Praktisch-Einfaches und schnelles Handling, auch mit Handschuhen m\u00f6glich<\/p>\n","protected":false},"excerpt":{"rendered":"<p>Riserva Zielfernrohrcover aus Neopren. -Sicherer und optimaler Schutz f\u00fcr Zielfernrohre-Strapazierf\u00e4hig-Weich und leicht-Praktisch-Einfaches und schnelles Handling, auch mit Handschuhen m\u00f6glich<\/p>\n","protected":false},"featured_media":3470,"comment_status":"closed","ping_status":"closed","template":"","meta":[],"product_brand":[],"product_cat":[1010,1040],"product_tag":[],"class_list":{"0":"post-14926","1":"product","2":"type-product","3":"status-publish","4":"has-post-thumbnail","6":"product_cat-camouflage-kollektion","7":"product_cat-taschen-zielfernrohrabdeckungen-rotpunktabdeckungen","9":"first","10":"instock","11":"taxable","12":"shipping-taxable","13":"purchasable","14":"product-type-variable"},"_links":{"self":[{"href":"https:\/\/riserva.it\/de\/wp-json\/wp\/v2\/product\/14926","targetHints":{"allow":["GET"]}}],"collection":[{"href":"https:\/\/riserva.it\/de\/wp-json\/wp\/v2\/product"}],"about":[{"href":"https:\/\/riserva.it\/de\/wp-json\/wp\/v2\/types\/product"}],"replies":[{"embeddable":true,"href":"https:\/\/riserva.it\/de\/wp-json\/wp\/v2\/comments?post=14926"}],"version-history":[{"count":0,"href":"https:\/\/riserva.it\/de\/wp-json\/wp\/v2\/product\/14926\/revisions"}],"wp:featuredmedia":[{"embeddable":true,"href":"https:\/\/riserva.it\/de\/wp-json\/wp\/v2\/media\/3470"}],"wp:attachment":[{"href":"https:\/\/riserva.it\/de\/wp-json\/wp\/v2\/media?parent=14926"}],"wp:term":[{"taxonomy":"product_brand","embeddable":true,"href":"https:\/\/riserva.it\/de\/wp-json\/wp\/v2\/product_brand?post=14926"},{"taxonomy":"product_cat","embeddable":true,"href":"https:\/\/riserva.it\/de\/wp-json\/wp\/v2\/product_cat?post=14926"},{"taxonomy":"product_tag","embeddable":true,"href":"https:\/\/riserva.it\/de\/wp-json\/wp\/v2\/product_tag?post=14926"}],"curies":[{"name":"wp","href":"https:\/\/api.w.org\/{rel}","templated":true}]}}