{"id":14921,"date":"2023-08-01T10:00:00","date_gmt":"2023-08-01T08:00:00","guid":{"rendered":"https:\/\/www.riserva.it\/prodotto\/tracolla-in-cordura-per-carabina-con-ricami-animali\/"},"modified":"2025-07-31T11:30:46","modified_gmt":"2025-07-31T09:30:46","slug":"tracolla-in-cordura-per-carabina-con-ricami-animali-3","status":"publish","type":"product","link":"https:\/\/riserva.it\/de\/prodotto\/tracolla-in-cordura-per-carabina-con-ricami-animali-3\/","title":{"rendered":"Gewehrriemen mit Wildmotiv"},"content":{"rendered":"<p>Verstellbarer Gewehrriemen in gr\u00fcn Cordura und naturgegerbten Leder. Lederverst\u00e4rkungen, Messing-Lederverschluss, Neopren-R\u00fcckseite. Gute Haftung an der Schulter.<\/p>\n","protected":false},"excerpt":{"rendered":"<p>Verstellbarer Gewehrriemen in gr\u00fcn Cordura und naturgegerbten Leder. Lederverst\u00e4rkungen, Messing-Lederverschluss, Neopren-R\u00fcckseite. Gute Haftung an der Schulter.<\/p>\n","protected":false},"featured_media":3435,"comment_status":"closed","ping_status":"closed","template":"","meta":[],"product_brand":[],"product_cat":[992],"product_tag":[],"class_list":{"0":"post-14921","1":"product","2":"type-product","3":"status-publish","4":"has-post-thumbnail","6":"product_cat-gewehrriemen","8":"first","9":"instock","10":"taxable","11":"shipping-taxable","12":"purchasable","13":"product-type-variable"},"_links":{"self":[{"href":"https:\/\/riserva.it\/de\/wp-json\/wp\/v2\/product\/14921","targetHints":{"allow":["GET"]}}],"collection":[{"href":"https:\/\/riserva.it\/de\/wp-json\/wp\/v2\/product"}],"about":[{"href":"https:\/\/riserva.it\/de\/wp-json\/wp\/v2\/types\/product"}],"replies":[{"embeddable":true,"href":"https:\/\/riserva.it\/de\/wp-json\/wp\/v2\/comments?post=14921"}],"version-history":[{"count":0,"href":"https:\/\/riserva.it\/de\/wp-json\/wp\/v2\/product\/14921\/revisions"}],"wp:featuredmedia":[{"embeddable":true,"href":"https:\/\/riserva.it\/de\/wp-json\/wp\/v2\/media\/3435"}],"wp:attachment":[{"href":"https:\/\/riserva.it\/de\/wp-json\/wp\/v2\/media?parent=14921"}],"wp:term":[{"taxonomy":"product_brand","embeddable":true,"href":"https:\/\/riserva.it\/de\/wp-json\/wp\/v2\/product_brand?post=14921"},{"taxonomy":"product_cat","embeddable":true,"href":"https:\/\/riserva.it\/de\/wp-json\/wp\/v2\/product_cat?post=14921"},{"taxonomy":"product_tag","embeddable":true,"href":"https:\/\/riserva.it\/de\/wp-json\/wp\/v2\/product_tag?post=14921"}],"curies":[{"name":"wp","href":"https:\/\/api.w.org\/{rel}","templated":true}]}}