{"id":14911,"date":"2023-08-01T10:00:00","date_gmt":"2023-08-01T08:00:00","guid":{"rendered":"https:\/\/www.riserva.it\/prodotto\/tracolla-doppia-in-cordura-naturelle\/"},"modified":"2025-07-31T11:30:38","modified_gmt":"2025-07-31T09:30:38","slug":"tracolla-doppia-in-cordura-naturelle","status":"publish","type":"product","link":"https:\/\/riserva.it\/de\/prodotto\/tracolla-doppia-in-cordura-naturelle\/","title":{"rendered":"Rucksackgewehrriemen"},"content":{"rendered":"<p>Verstellbarer Rucksackgewehrriemen f\u00fcr Gewehr aus Cordura und Lederverst\u00e4rkungen. Anti-Rutsch-R\u00fcckseite und Messing-Lederverschluss. Der Riemen wird wie ein Rucksack getragen, damit mehr Bewegungsfreiheit w\u00e4hrend der Jagd m\u00f6glich ist.<\/p>\n","protected":false},"excerpt":{"rendered":"<p>Verstellbarer Rucksackgewehrriemen f\u00fcr Gewehr aus Cordura und Lederverst\u00e4rkungen. Anti-Rutsch-R\u00fcckseite und Messing-Lederverschluss. Der Riemen wird wie ein Rucksack getragen, damit mehr Bewegungsfreiheit w\u00e4hrend der Jagd m\u00f6glich ist.<\/p>\n","protected":false},"featured_media":3375,"comment_status":"closed","ping_status":"closed","template":"","meta":[],"product_brand":[],"product_cat":[992,1019],"product_tag":[],"class_list":{"0":"post-14911","1":"product","2":"type-product","3":"status-publish","4":"has-post-thumbnail","6":"product_cat-gewehrriemen","7":"product_cat-orange-mit-zweigen-kollektion","9":"first","10":"instock","11":"taxable","12":"shipping-taxable","13":"purchasable","14":"product-type-variable"},"_links":{"self":[{"href":"https:\/\/riserva.it\/de\/wp-json\/wp\/v2\/product\/14911","targetHints":{"allow":["GET"]}}],"collection":[{"href":"https:\/\/riserva.it\/de\/wp-json\/wp\/v2\/product"}],"about":[{"href":"https:\/\/riserva.it\/de\/wp-json\/wp\/v2\/types\/product"}],"replies":[{"embeddable":true,"href":"https:\/\/riserva.it\/de\/wp-json\/wp\/v2\/comments?post=14911"}],"version-history":[{"count":0,"href":"https:\/\/riserva.it\/de\/wp-json\/wp\/v2\/product\/14911\/revisions"}],"wp:featuredmedia":[{"embeddable":true,"href":"https:\/\/riserva.it\/de\/wp-json\/wp\/v2\/media\/3375"}],"wp:attachment":[{"href":"https:\/\/riserva.it\/de\/wp-json\/wp\/v2\/media?parent=14911"}],"wp:term":[{"taxonomy":"product_brand","embeddable":true,"href":"https:\/\/riserva.it\/de\/wp-json\/wp\/v2\/product_brand?post=14911"},{"taxonomy":"product_cat","embeddable":true,"href":"https:\/\/riserva.it\/de\/wp-json\/wp\/v2\/product_cat?post=14911"},{"taxonomy":"product_tag","embeddable":true,"href":"https:\/\/riserva.it\/de\/wp-json\/wp\/v2\/product_tag?post=14911"}],"curies":[{"name":"wp","href":"https:\/\/api.w.org\/{rel}","templated":true}]}}