{"id":14893,"date":"2023-08-01T10:00:00","date_gmt":"2023-08-01T08:00:00","guid":{"rendered":"https:\/\/www.riserva.it\/prodotto\/schiesspolster-2\/"},"modified":"2025-08-27T17:00:56","modified_gmt":"2025-08-27T15:00:56","slug":"schiesspolster-2","status":"publish","type":"product","link":"https:\/\/riserva.it\/de\/prodotto\/schiesspolster-2\/","title":{"rendered":"Schie\u00dfpolster"},"content":{"rendered":"<p>Riserva\u00a0Schie\u00dfpolster<\/p>\n<p>Hauptmerkmale:<\/p>\n<ul>\n<li>Verstellbarer Brustgurt<\/li>\n<li>Praktisch, bequem, vorteilhaft<\/li>\n<li>Erh\u00e4ltlich auch f\u00fcr Linkshander<\/li>\n<li>Verringerter R\u00fccksto\u00df und dadurch verbessertes Trefferbild<\/li>\n<li>Mit sto\u00dfabsorbierendem PORON\u00a0gef\u00fcrttet<\/li>\n<\/ul>\n<p><strong>Weicher Polyurethanschaum, der sich in einen Schutzschild verwandelt und bis zu 90 % der beim Aufprall ausge\u00fcbten Energie absorbieren kann.<\/strong><\/p>\n<section class=\"elementor-section elementor-top-section elementor-element elementor-element-46da5b2 elementor-section-stretched elementor-section-boxed elementor-section-height-default elementor-section-height-default\" data-id=\"46da5b2\" data-element_type=\"section\" data-settings=\"{&quot;stretch_section&quot;:&quot;section-stretched&quot;,&quot;_ha_eqh_enable&quot;:false}\">\n<div class=\"elementor-container elementor-column-gap-default\">\n<div class=\"elementor-column elementor-col-50 elementor-top-column elementor-element elementor-element-a51e9b3\" data-id=\"a51e9b3\" data-element_type=\"column\">\n<div class=\"elementor-widget-wrap elementor-element-populated\">\n<div class=\"elementor-element elementor-element-d95e8ee elementor-widget elementor-widget-text-editor\" data-id=\"d95e8ee\" data-element_type=\"widget\" data-widget_type=\"text-editor.default\">\n<div class=\"elementor-widget-container\">\n<ul>\n<li>Er h\u00e4lt die Leistung \u00fcber die Nutzungsdauer des Produkts hinaus aufrecht;<\/li>\n<li>Er absorbiert wiederholte St\u00f6\u00dfe gleichm\u00e4\u00dfig und leitet die Kraft des Aufpralls sofort ab;<\/li>\n<li>Ausgezeichnete konstante Druckfestigkeit<\/li>\n<\/ul>\n<ul>\n<li>Er verbessert die Leichtigkeit und Bewegungsfreiheit;<\/li>\n<li>Niedriges Profil: In verschiedenen St\u00e4rken erh\u00e4ltlich<\/li>\n<li>Leicht<\/li>\n<li>Dichte 320 kg\/m\u00b3<\/li>\n<\/ul>\n<ul>\n<li>Anpassbares Material mit dem Gef\u00fchl einer \u201ezweiten Leder\u201c;<\/li>\n<li>Weich und flexibel im Griff<\/li>\n<li>Leicht<\/li>\n<li>Formbar<\/li>\n<li>Atmungsaktiv<\/li>\n<\/ul>\n<\/div>\n<\/div>\n<\/div>\n<\/div>\n<\/div>\n<\/section>\n<section class=\"elementor-section elementor-top-section elementor-element elementor-element-7fcacf53 elementor-section-stretched elementor-section-full_width elementor-section-height-default elementor-section-height-default\" data-id=\"7fcacf53\" data-element_type=\"section\" data-settings=\"{&quot;stretch_section&quot;:&quot;section-stretched&quot;,&quot;_ha_eqh_enable&quot;:false}\">\n<div class=\"elementor-container elementor-column-gap-default\">\n<div class=\"elementor-column elementor-col-100 elementor-top-column elementor-element elementor-element-7edd6152\" data-id=\"7edd6152\" data-element_type=\"column\">\n<div class=\"elementor-widget-wrap elementor-element-populated\">\n<div class=\"elementor-element elementor-element-2645aae3 elementor-widget elementor-widget-spacer\" data-id=\"2645aae3\" data-element_type=\"widget\" data-widget_type=\"spacer.default\">\n<div class=\"elementor-widget-container\">\n<div class=\"elementor-spacer\">\n<div class=\"elementor-spacer-inner\">Auch f\u00fcr Linksh\u00e4nder erh\u00e4ltlich<\/div>\n<\/div>\n<\/div>\n<\/div>\n<\/div>\n<\/div>\n<\/div>\n<\/section>\n","protected":false},"excerpt":{"rendered":"<p>Riserva\u00a0Schie\u00dfpolster Hauptmerkmale: Verstellbarer Brustgurt Praktisch, bequem, vorteilhaft Erh\u00e4ltlich auch f\u00fcr Linkshander Verringerter R\u00fccksto\u00df und dadurch verbessertes Trefferbild Mit sto\u00dfabsorbierendem PORON\u00a0gef\u00fcrttet Weicher Polyurethanschaum, der sich in einen<span class=\"excerpt-hellip\"> [\u2026]<\/span><\/p>\n","protected":false},"featured_media":3256,"comment_status":"closed","ping_status":"closed","template":"","meta":[],"product_brand":[],"product_cat":[983],"product_tag":[],"class_list":{"0":"post-14893","1":"product","2":"type-product","3":"status-publish","4":"has-post-thumbnail","6":"product_cat-schiespolster-und-trageriemen","8":"first","9":"instock","10":"taxable","11":"shipping-taxable","12":"purchasable","13":"product-type-variable"},"_links":{"self":[{"href":"https:\/\/riserva.it\/de\/wp-json\/wp\/v2\/product\/14893","targetHints":{"allow":["GET"]}}],"collection":[{"href":"https:\/\/riserva.it\/de\/wp-json\/wp\/v2\/product"}],"about":[{"href":"https:\/\/riserva.it\/de\/wp-json\/wp\/v2\/types\/product"}],"replies":[{"embeddable":true,"href":"https:\/\/riserva.it\/de\/wp-json\/wp\/v2\/comments?post=14893"}],"version-history":[{"count":0,"href":"https:\/\/riserva.it\/de\/wp-json\/wp\/v2\/product\/14893\/revisions"}],"wp:featuredmedia":[{"embeddable":true,"href":"https:\/\/riserva.it\/de\/wp-json\/wp\/v2\/media\/3256"}],"wp:attachment":[{"href":"https:\/\/riserva.it\/de\/wp-json\/wp\/v2\/media?parent=14893"}],"wp:term":[{"taxonomy":"product_brand","embeddable":true,"href":"https:\/\/riserva.it\/de\/wp-json\/wp\/v2\/product_brand?post=14893"},{"taxonomy":"product_cat","embeddable":true,"href":"https:\/\/riserva.it\/de\/wp-json\/wp\/v2\/product_cat?post=14893"},{"taxonomy":"product_tag","embeddable":true,"href":"https:\/\/riserva.it\/de\/wp-json\/wp\/v2\/product_tag?post=14893"}],"curies":[{"name":"wp","href":"https:\/\/api.w.org\/{rel}","templated":true}]}}