{"id":14825,"date":"2023-08-01T10:00:00","date_gmt":"2023-08-01T08:00:00","guid":{"rendered":"https:\/\/www.riserva.it\/prodotto\/spektivtasche-o-8-cm-x-30-h-cm\/"},"modified":"2025-07-31T16:46:47","modified_gmt":"2025-07-31T14:46:47","slug":"spektivtasche-o-8-cm-x-30-h-cm","status":"publish","type":"product","link":"https:\/\/riserva.it\/de\/prodotto\/spektivtasche-o-8-cm-x-30-h-cm\/","title":{"rendered":"Spektivtasche"},"content":{"rendered":"<p>Handliches und robustes Etui f\u00fcr Spektiv.<br \/>\nSpektivtasche aus Cordura Naturstoff mit Innenpolsterung, verst\u00e4rktem Boden aus Wildleder, um die Optik und den Rei\u00dfverschluss zu sch\u00fctzen.<br \/>\nRISERVA Logo<\/p>\n","protected":false},"excerpt":{"rendered":"<p>Handliches und robustes Etui f\u00fcr Spektiv. Spektivtasche aus Cordura Naturstoff mit Innenpolsterung, verst\u00e4rktem Boden aus Wildleder, um die Optik und den Rei\u00dfverschluss zu sch\u00fctzen. RISERVA Logo<\/p>\n","protected":false},"featured_media":2842,"comment_status":"closed","ping_status":"closed","template":"","meta":[],"product_brand":[],"product_cat":[1040],"product_tag":[],"class_list":{"0":"post-14825","1":"product","2":"type-product","3":"status-publish","4":"has-post-thumbnail","6":"product_cat-taschen-zielfernrohrabdeckungen-rotpunktabdeckungen","8":"first","9":"instock","10":"taxable","11":"shipping-taxable","12":"purchasable","13":"product-type-variable"},"_links":{"self":[{"href":"https:\/\/riserva.it\/de\/wp-json\/wp\/v2\/product\/14825","targetHints":{"allow":["GET"]}}],"collection":[{"href":"https:\/\/riserva.it\/de\/wp-json\/wp\/v2\/product"}],"about":[{"href":"https:\/\/riserva.it\/de\/wp-json\/wp\/v2\/types\/product"}],"replies":[{"embeddable":true,"href":"https:\/\/riserva.it\/de\/wp-json\/wp\/v2\/comments?post=14825"}],"version-history":[{"count":0,"href":"https:\/\/riserva.it\/de\/wp-json\/wp\/v2\/product\/14825\/revisions"}],"wp:featuredmedia":[{"embeddable":true,"href":"https:\/\/riserva.it\/de\/wp-json\/wp\/v2\/media\/2842"}],"wp:attachment":[{"href":"https:\/\/riserva.it\/de\/wp-json\/wp\/v2\/media?parent=14825"}],"wp:term":[{"taxonomy":"product_brand","embeddable":true,"href":"https:\/\/riserva.it\/de\/wp-json\/wp\/v2\/product_brand?post=14825"},{"taxonomy":"product_cat","embeddable":true,"href":"https:\/\/riserva.it\/de\/wp-json\/wp\/v2\/product_cat?post=14825"},{"taxonomy":"product_tag","embeddable":true,"href":"https:\/\/riserva.it\/de\/wp-json\/wp\/v2\/product_tag?post=14825"}],"curies":[{"name":"wp","href":"https:\/\/api.w.org\/{rel}","templated":true}]}}