{"id":14818,"date":"2023-08-01T10:00:00","date_gmt":"2023-08-01T08:00:00","guid":{"rendered":"https:\/\/www.riserva.it\/prodotto\/zielfernrohrcover-cm-o-77-x-45\/"},"modified":"2025-08-27T16:33:42","modified_gmt":"2025-08-27T14:33:42","slug":"zielfernrohrcover-cm-o-77-x-45","status":"publish","type":"product","link":"https:\/\/riserva.it\/de\/prodotto\/zielfernrohrcover-cm-o-77-x-45\/","title":{"rendered":"Zielfernrohre Fall"},"content":{"rendered":"<p>Riserva Zielfernrohrcover aus Neopren.<\/p>\n<ul>\n<li>Sicherer und optimaler Schutz f\u00fcr Zielfernrohre<\/li>\n<li>Strapazierf\u00e4hig<\/li>\n<li>Weich und leicht<\/li>\n<li>Praktisch<\/li>\n<li>Einfaches und schnelles Handling, auch mit Handschuhen m\u00f6glich<\/li>\n<\/ul>\n","protected":false},"excerpt":{"rendered":"<p>Riserva Zielfernrohrcover aus Neopren. Sicherer und optimaler Schutz f\u00fcr Zielfernrohre Strapazierf\u00e4hig Weich und leicht Praktisch Einfaches und schnelles Handling, auch mit Handschuhen m\u00f6glich<\/p>\n","protected":false},"featured_media":2796,"comment_status":"closed","ping_status":"closed","template":"","meta":[],"product_brand":[],"product_cat":[1040],"product_tag":[],"class_list":{"0":"post-14818","1":"product","2":"type-product","3":"status-publish","4":"has-post-thumbnail","6":"product_cat-taschen-zielfernrohrabdeckungen-rotpunktabdeckungen","8":"first","9":"instock","10":"taxable","11":"shipping-taxable","12":"purchasable","13":"product-type-variable"},"_links":{"self":[{"href":"https:\/\/riserva.it\/de\/wp-json\/wp\/v2\/product\/14818","targetHints":{"allow":["GET"]}}],"collection":[{"href":"https:\/\/riserva.it\/de\/wp-json\/wp\/v2\/product"}],"about":[{"href":"https:\/\/riserva.it\/de\/wp-json\/wp\/v2\/types\/product"}],"replies":[{"embeddable":true,"href":"https:\/\/riserva.it\/de\/wp-json\/wp\/v2\/comments?post=14818"}],"version-history":[{"count":0,"href":"https:\/\/riserva.it\/de\/wp-json\/wp\/v2\/product\/14818\/revisions"}],"wp:featuredmedia":[{"embeddable":true,"href":"https:\/\/riserva.it\/de\/wp-json\/wp\/v2\/media\/2796"}],"wp:attachment":[{"href":"https:\/\/riserva.it\/de\/wp-json\/wp\/v2\/media?parent=14818"}],"wp:term":[{"taxonomy":"product_brand","embeddable":true,"href":"https:\/\/riserva.it\/de\/wp-json\/wp\/v2\/product_brand?post=14818"},{"taxonomy":"product_cat","embeddable":true,"href":"https:\/\/riserva.it\/de\/wp-json\/wp\/v2\/product_cat?post=14818"},{"taxonomy":"product_tag","embeddable":true,"href":"https:\/\/riserva.it\/de\/wp-json\/wp\/v2\/product_tag?post=14818"}],"curies":[{"name":"wp","href":"https:\/\/api.w.org\/{rel}","templated":true}]}}