{"id":14807,"date":"2023-08-01T10:00:00","date_gmt":"2023-08-01T08:00:00","guid":{"rendered":"https:\/\/www.riserva.it\/prodotto\/tracolla-fucile-cm-100\/"},"modified":"2025-07-31T11:29:47","modified_gmt":"2025-07-31T09:29:47","slug":"tracolla-fucile-cm-100-2","status":"publish","type":"product","link":"https:\/\/riserva.it\/de\/prodotto\/tracolla-fucile-cm-100-2\/","title":{"rendered":"Flintenriemen"},"content":{"rendered":"<p>Sehr bequemer Riemen f\u00fcr die Flinte. Aus widerstandsf\u00e4higem Polyamidgewebe und mit Anti-Rutsch-R\u00fcckseite f\u00fcr guten Tragekomfort. Verschl\u00fcsse aus Leder mit hochwertigen Messing-Schnallen.<\/p>\n","protected":false},"excerpt":{"rendered":"<p>Sehr bequemer Riemen f\u00fcr die Flinte. Aus widerstandsf\u00e4higem Polyamidgewebe und mit Anti-Rutsch-R\u00fcckseite f\u00fcr guten Tragekomfort. Verschl\u00fcsse aus Leder mit hochwertigen Messing-Schnallen.<\/p>\n","protected":false},"featured_media":13083,"comment_status":"closed","ping_status":"closed","template":"","meta":[],"product_brand":[],"product_cat":[995],"product_tag":[],"class_list":{"0":"post-14807","1":"product","2":"type-product","3":"status-publish","4":"has-post-thumbnail","6":"product_cat-flintenriemen","8":"first","9":"instock","10":"taxable","11":"shipping-taxable","12":"purchasable","13":"product-type-variable"},"_links":{"self":[{"href":"https:\/\/riserva.it\/de\/wp-json\/wp\/v2\/product\/14807","targetHints":{"allow":["GET"]}}],"collection":[{"href":"https:\/\/riserva.it\/de\/wp-json\/wp\/v2\/product"}],"about":[{"href":"https:\/\/riserva.it\/de\/wp-json\/wp\/v2\/types\/product"}],"replies":[{"embeddable":true,"href":"https:\/\/riserva.it\/de\/wp-json\/wp\/v2\/comments?post=14807"}],"version-history":[{"count":0,"href":"https:\/\/riserva.it\/de\/wp-json\/wp\/v2\/product\/14807\/revisions"}],"wp:featuredmedia":[{"embeddable":true,"href":"https:\/\/riserva.it\/de\/wp-json\/wp\/v2\/media\/13083"}],"wp:attachment":[{"href":"https:\/\/riserva.it\/de\/wp-json\/wp\/v2\/media?parent=14807"}],"wp:term":[{"taxonomy":"product_brand","embeddable":true,"href":"https:\/\/riserva.it\/de\/wp-json\/wp\/v2\/product_brand?post=14807"},{"taxonomy":"product_cat","embeddable":true,"href":"https:\/\/riserva.it\/de\/wp-json\/wp\/v2\/product_cat?post=14807"},{"taxonomy":"product_tag","embeddable":true,"href":"https:\/\/riserva.it\/de\/wp-json\/wp\/v2\/product_tag?post=14807"}],"curies":[{"name":"wp","href":"https:\/\/api.w.org\/{rel}","templated":true}]}}