{"id":14806,"date":"2023-08-01T10:00:00","date_gmt":"2023-08-01T08:00:00","guid":{"rendered":"https:\/\/www.riserva.it\/prodotto\/tracolla-per-fucile-100-cm\/"},"modified":"2025-07-31T11:29:47","modified_gmt":"2025-07-31T09:29:47","slug":"tracolla-per-fucile-100-cm","status":"publish","type":"product","link":"https:\/\/riserva.it\/de\/prodotto\/tracolla-per-fucile-100-cm\/","title":{"rendered":"Flintenriemen"},"content":{"rendered":"<p>Verstellbarer, robuster, praktischer und bequemer Riemen f\u00fcr Flinte aus Baumwolle mit Lederverst\u00e4rkungen, Anti-Rutsch-R\u00fcckenseite und Messing-Lederverschluss.<\/p>\n","protected":false},"excerpt":{"rendered":"<p>Verstellbarer, robuster, praktischer und bequemer Riemen f\u00fcr Flinte aus Baumwolle mit Lederverst\u00e4rkungen, Anti-Rutsch-R\u00fcckenseite und Messing-Lederverschluss.<\/p>\n","protected":false},"featured_media":13276,"comment_status":"closed","ping_status":"closed","template":"","meta":[],"product_brand":[],"product_cat":[995],"product_tag":[],"class_list":{"0":"post-14806","1":"product","2":"type-product","3":"status-publish","4":"has-post-thumbnail","6":"product_cat-flintenriemen","8":"first","9":"instock","10":"taxable","11":"shipping-taxable","12":"purchasable","13":"product-type-variable"},"_links":{"self":[{"href":"https:\/\/riserva.it\/de\/wp-json\/wp\/v2\/product\/14806","targetHints":{"allow":["GET"]}}],"collection":[{"href":"https:\/\/riserva.it\/de\/wp-json\/wp\/v2\/product"}],"about":[{"href":"https:\/\/riserva.it\/de\/wp-json\/wp\/v2\/types\/product"}],"replies":[{"embeddable":true,"href":"https:\/\/riserva.it\/de\/wp-json\/wp\/v2\/comments?post=14806"}],"version-history":[{"count":0,"href":"https:\/\/riserva.it\/de\/wp-json\/wp\/v2\/product\/14806\/revisions"}],"wp:featuredmedia":[{"embeddable":true,"href":"https:\/\/riserva.it\/de\/wp-json\/wp\/v2\/media\/13276"}],"wp:attachment":[{"href":"https:\/\/riserva.it\/de\/wp-json\/wp\/v2\/media?parent=14806"}],"wp:term":[{"taxonomy":"product_brand","embeddable":true,"href":"https:\/\/riserva.it\/de\/wp-json\/wp\/v2\/product_brand?post=14806"},{"taxonomy":"product_cat","embeddable":true,"href":"https:\/\/riserva.it\/de\/wp-json\/wp\/v2\/product_cat?post=14806"},{"taxonomy":"product_tag","embeddable":true,"href":"https:\/\/riserva.it\/de\/wp-json\/wp\/v2\/product_tag?post=14806"}],"curies":[{"name":"wp","href":"https:\/\/api.w.org\/{rel}","templated":true}]}}