{"id":14790,"date":"2023-08-01T10:00:00","date_gmt":"2023-08-01T08:00:00","guid":{"rendered":"https:\/\/www.riserva.it\/prodotto\/gewehrfutteral-aus-leder\/"},"modified":"2025-07-31T11:29:41","modified_gmt":"2025-07-31T09:29:41","slug":"gewehrfutteral-aus-leder","status":"publish","type":"product","link":"https:\/\/riserva.it\/de\/prodotto\/gewehrfutteral-aus-leder\/","title":{"rendered":"Gewehrfutteral aus Leder"},"content":{"rendered":"<p>Exklusives und robustes B\u00fcchsenfutteral aus Leder<br \/><span><br \/>Hauptmerkmale:<\/span><\/p>\n<ul>\n<li>Innere Futter aus weicher Wolle<\/li>\n<li><span>Wasserdicht<\/span><\/li>\n<li>Lederbesatz<\/li>\n<li><span>Sto\u00dfabsorbierend und schnell trocknendes Futter<\/span><\/li>\n<li>Rei\u00dfverschluss YKK<\/li>\n<li>Innere H\u00f6he 28 cm<\/li>\n<li>L\u00e4nge: 132 cm<\/li>\n<\/ul>\n","protected":false},"excerpt":{"rendered":"<p>Exklusives und robustes B\u00fcchsenfutteral aus LederHauptmerkmale: Innere Futter aus weicher Wolle Wasserdicht Lederbesatz Sto\u00dfabsorbierend und schnell trocknendes Futter Rei\u00dfverschluss YKK Innere H\u00f6he 28 cm L\u00e4nge: 132<span class=\"excerpt-hellip\"> [\u2026]<\/span><\/p>\n","protected":false},"featured_media":2618,"comment_status":"closed","ping_status":"closed","template":"","meta":[],"product_brand":[],"product_cat":[1037],"product_tag":[],"class_list":{"0":"post-14790","1":"product","2":"type-product","3":"status-publish","4":"has-post-thumbnail","6":"product_cat-gewehr-und-flintenfutterale","8":"first","9":"instock","10":"taxable","11":"shipping-taxable","12":"purchasable","13":"product-type-simple"},"_links":{"self":[{"href":"https:\/\/riserva.it\/de\/wp-json\/wp\/v2\/product\/14790","targetHints":{"allow":["GET"]}}],"collection":[{"href":"https:\/\/riserva.it\/de\/wp-json\/wp\/v2\/product"}],"about":[{"href":"https:\/\/riserva.it\/de\/wp-json\/wp\/v2\/types\/product"}],"replies":[{"embeddable":true,"href":"https:\/\/riserva.it\/de\/wp-json\/wp\/v2\/comments?post=14790"}],"version-history":[{"count":0,"href":"https:\/\/riserva.it\/de\/wp-json\/wp\/v2\/product\/14790\/revisions"}],"wp:featuredmedia":[{"embeddable":true,"href":"https:\/\/riserva.it\/de\/wp-json\/wp\/v2\/media\/2618"}],"wp:attachment":[{"href":"https:\/\/riserva.it\/de\/wp-json\/wp\/v2\/media?parent=14790"}],"wp:term":[{"taxonomy":"product_brand","embeddable":true,"href":"https:\/\/riserva.it\/de\/wp-json\/wp\/v2\/product_brand?post=14790"},{"taxonomy":"product_cat","embeddable":true,"href":"https:\/\/riserva.it\/de\/wp-json\/wp\/v2\/product_cat?post=14790"},{"taxonomy":"product_tag","embeddable":true,"href":"https:\/\/riserva.it\/de\/wp-json\/wp\/v2\/product_tag?post=14790"}],"curies":[{"name":"wp","href":"https:\/\/api.w.org\/{rel}","templated":true}]}}