{"id":17417,"date":"2025-07-23T16:57:42","date_gmt":"2025-07-23T14:57:42","guid":{"rendered":"https:\/\/www.riserva.it\/catalogo\/"},"modified":"2025-07-24T09:09:52","modified_gmt":"2025-07-24T07:09:52","slug":"shop","status":"publish","type":"page","link":"https:\/\/riserva.it\/de\/shop\/","title":{"rendered":"Shop"},"content":{"rendered":"\t\t<div data-elementor-type=\"wp-page\" data-elementor-id=\"17417\" class=\"elementor elementor-17417 elementor-17401\" data-elementor-post-type=\"page\">\r\n\t\t\t\t<div class=\"elementor-element elementor-element-6980e02 e-flex e-con-boxed e-con e-parent\" data-id=\"6980e02\" data-element_type=\"container\" data-settings=\"{&quot;background_background&quot;:&quot;classic&quot;}\">\r\n\t\t\t\t\t<div class=\"e-con-inner\">\r\n\t\t\t\t<div class=\"elementor-element elementor-element-c272624 elementor-widget-mobile__width-auto elementor-widget elementor-widget-woocommerce-breadcrumb\" data-id=\"c272624\" data-element_type=\"widget\" data-widget_type=\"woocommerce-breadcrumb.default\">\r\n\t\t\t\t<div class=\"elementor-widget-container\">\r\n\t\t\t\t\t<nav class=\"woocommerce-breadcrumb\" aria-label=\"Breadcrumb\">Startseite<\/nav>\t\t\t\t<\/div>\r\n\t\t\t\t<\/div>\r\n\t\t\t\t\t<\/div>\r\n\t\t\t\t<\/div>\r\n\t\t<div class=\"elementor-element elementor-element-68155ed e-con-full e-flex e-con e-parent\" data-id=\"68155ed\" data-element_type=\"container\" data-settings=\"{&quot;background_background&quot;:&quot;classic&quot;}\">\r\n\t\t\t\t<div class=\"elementor-element elementor-element-511ae05 elementor-grid-tablet-2 elementor-grid-mobile-2 elementor-product-loop-item--align-center elementor-grid-4 elementor-products-grid elementor-wc-products elementor-widget elementor-widget-wc-categories\" data-id=\"511ae05\" data-element_type=\"widget\" data-widget_type=\"wc-categories.default\">\r\n\t\t\t\t<div class=\"elementor-widget-container\">\r\n\t\t\t\t\t<div class=\"woocommerce columns-4\">\r\n<div class=\"products_wrapper mfn-woo-products isotope_wrapper default-woo-loop lm_wrapper\">\r\n\t<ul class=\"products elementor-grid \">\r\n<li class=\"product-category product first\">\r\n\t<a aria-label=\"Produktkategorie Caps, M\u00fctzen und H\u00fcte besuchen\" href=\"https:\/\/riserva.it\/de\/produktkategorien\/caps-muetzen-und-huete\/\"><img fetchpriority=\"high\" decoding=\"async\" src=\"https:\/\/riserva.it\/wp-content\/uploads\/2025\/06\/1609-133-1.jpg\" alt=\"Caps, M\u00fctzen und H\u00fcte\" width=\"800\" height=\"800\" \/>\t\t<h2 class=\"woocommerce-loop-category__title\">\r\n\t\t\tCaps, M\u00fctzen und H\u00fcte <mark class=\"count\">(12)<\/mark>\t\t<\/h2>\r\n\t\t<\/a><\/li>\r\n<li class=\"product-category product\">\r\n\t<a aria-label=\"Produktkategorie Flintenriemen besuchen\" href=\"https:\/\/riserva.it\/de\/produktkategorien\/flintenriemen\/\"><img decoding=\"async\" src=\"https:\/\/riserva.it\/wp-content\/uploads\/2025\/06\/R7003-2207-1.jpg\" alt=\"Flintenriemen\" width=\"800\" height=\"800\" \/>\t\t<h2 class=\"woocommerce-loop-category__title\">\r\n\t\t\tFlintenriemen <mark class=\"count\">(13)<\/mark>\t\t<\/h2>\r\n\t\t<\/a><\/li>\r\n<li class=\"product-category product\">\r\n\t<a aria-label=\"Produktkategorie Gewehr- und Flintenfutterale besuchen\" href=\"https:\/\/riserva.it\/de\/produktkategorien\/gewehr-und-flintenfutterale\/\"><img decoding=\"async\" src=\"https:\/\/riserva.it\/wp-content\/uploads\/2025\/06\/R1322_0169-2164-1.jpg\" alt=\"Gewehr- und Flintenfutterale\" width=\"800\" height=\"800\" \/>\t\t<h2 class=\"woocommerce-loop-category__title\">\r\n\t\t\tGewehr- und Flintenfutterale <mark class=\"count\">(11)<\/mark>\t\t<\/h2>\r\n\t\t<\/a><\/li>\r\n<li class=\"product-category product last\">\r\n\t<a aria-label=\"Produktkategorie Gewehrriemen besuchen\" href=\"https:\/\/riserva.it\/de\/produktkategorien\/gewehrriemen\/\"><img loading=\"lazy\" decoding=\"async\" src=\"https:\/\/riserva.it\/wp-content\/uploads\/2025\/06\/8016-1307-1.jpg\" alt=\"Gewehrriemen\" width=\"800\" height=\"800\" \/>\t\t<h2 class=\"woocommerce-loop-category__title\">\r\n\t\t\tGewehrriemen <mark class=\"count\">(25)<\/mark>\t\t<\/h2>\r\n\t\t<\/a><\/li>\r\n<li class=\"product-category product first\">\r\n\t<a aria-label=\"Produktkategorie Gewehrriemen mit Riemenb\u00fcgeln besuchen\" href=\"https:\/\/riserva.it\/de\/produktkategorien\/gewehrriemen-mit-riemenbuegeln\/\"><img loading=\"lazy\" decoding=\"async\" src=\"https:\/\/riserva.it\/wp-content\/uploads\/2025\/06\/R-2061A_0039-2667-1-scaled.jpg\" alt=\"Gewehrriemen mit Riemenb\u00fcgeln\" width=\"800\" height=\"800\" \/>\t\t<h2 class=\"woocommerce-loop-category__title\">\r\n\t\t\tGewehrriemen mit Riemenb\u00fcgeln <mark class=\"count\">(10)<\/mark>\t\t<\/h2>\r\n\t\t<\/a><\/li>\r\n<li class=\"product-category product\">\r\n\t<a aria-label=\"Produktkategorie Handschuhe und Schals besuchen\" href=\"https:\/\/riserva.it\/de\/produktkategorien\/handschuhe-und-schals\/\"><img loading=\"lazy\" decoding=\"async\" src=\"https:\/\/riserva.it\/wp-content\/uploads\/2025\/06\/9035-1154-1.jpg\" alt=\"Handschuhe und Schals\" width=\"800\" height=\"800\" \/>\t\t<h2 class=\"woocommerce-loop-category__title\">\r\n\t\t\tHandschuhe und Schals <mark class=\"count\">(6)<\/mark>\t\t<\/h2>\r\n\t\t<\/a><\/li>\r\n<li class=\"product-category product\">\r\n\t<a aria-label=\"Produktkategorie Hosentr\u00e4ger besuchen\" href=\"https:\/\/riserva.it\/de\/produktkategorien\/gurtel-und-hosentrager\/\"><img loading=\"lazy\" decoding=\"async\" src=\"https:\/\/riserva.it\/wp-content\/uploads\/2025\/06\/1455-190-1.jpg\" alt=\"Hosentr\u00e4ger\" width=\"800\" height=\"800\" \/>\t\t<h2 class=\"woocommerce-loop-category__title\">\r\n\t\t\tHosentr\u00e4ger <mark class=\"count\">(10)<\/mark>\t\t<\/h2>\r\n\t\t<\/a><\/li>\r\n<li class=\"product-category product last\">\r\n\t<a aria-label=\"Produktkategorie Jagdgamaschen und Beinlinge besuchen\" href=\"https:\/\/riserva.it\/de\/produktkategorien\/jagdgamaschen-und-beinlinge\/\"><img loading=\"lazy\" decoding=\"async\" src=\"https:\/\/riserva.it\/wp-content\/uploads\/2025\/06\/R-2256-xL_0474-2888-1.jpg\" alt=\"Jagdgamaschen und Beinlinge\" width=\"800\" height=\"800\" \/>\t\t<h2 class=\"woocommerce-loop-category__title\">\r\n\t\t\tJagdgamaschen und Beinlinge <mark class=\"count\">(11)<\/mark>\t\t<\/h2>\r\n\t\t<\/a><\/li>\r\n<li class=\"product-category product first\">\r\n\t<a aria-label=\"Produktkategorie Jagdscheinetui besuchen\" href=\"https:\/\/riserva.it\/de\/produktkategorien\/jagdscheinetui\/\"><img loading=\"lazy\" decoding=\"async\" src=\"https:\/\/riserva.it\/wp-content\/uploads\/2025\/07\/R6129sBEC.jpg\" alt=\"Jagdscheinetui\" width=\"800\" height=\"800\" \/>\t\t<h2 class=\"woocommerce-loop-category__title\">\r\n\t\t\tJagdscheinetui <mark class=\"count\">(7)<\/mark>\t\t<\/h2>\r\n\t\t<\/a><\/li>\r\n<li class=\"product-category product\">\r\n\t<a aria-label=\"Produktkategorie Jagdwesten besuchen\" href=\"https:\/\/riserva.it\/de\/produktkategorien\/jagdwesten\/\"><img loading=\"lazy\" decoding=\"async\" src=\"https:\/\/riserva.it\/wp-content\/uploads\/2025\/06\/R1835-B-2727-2.jpg\" alt=\"Jagdwesten\" width=\"800\" height=\"800\" \/>\t\t<h2 class=\"woocommerce-loop-category__title\">\r\n\t\t\tJagdwesten <mark class=\"count\">(22)<\/mark>\t\t<\/h2>\r\n\t\t<\/a><\/li>\r\n<li class=\"product-category product\">\r\n\t<a aria-label=\"Produktkategorie Jagdzubeh\u00f6r besuchen\" href=\"https:\/\/riserva.it\/de\/produktkategorien\/jagdzubehoer\/\"><img loading=\"lazy\" decoding=\"async\" src=\"https:\/\/riserva.it\/wp-content\/uploads\/2025\/06\/R1836_Corda-per-traino-animale-1918-1.jpg\" alt=\"Jagdzubeh\u00f6r\" width=\"800\" height=\"800\" \/>\t\t<h2 class=\"woocommerce-loop-category__title\">\r\n\t\t\tJagdzubeh\u00f6r <mark class=\"count\">(9)<\/mark>\t\t<\/h2>\r\n\t\t<\/a><\/li>\r\n<li class=\"product-category product last\">\r\n\t<a aria-label=\"Produktkategorie Kollektionen und Gift cards besuchen\" href=\"https:\/\/riserva.it\/de\/produktkategorien\/kollektionen\/\"><img loading=\"lazy\" decoding=\"async\" src=\"https:\/\/riserva.it\/wp-content\/uploads\/2025\/06\/R2283L_Ghetta-2736-1.jpg\" alt=\"Kollektionen und Gift cards\" width=\"800\" height=\"800\" \/>\t\t<h2 class=\"woocommerce-loop-category__title\">\r\n\t\t\tKollektionen und Gift cards <mark class=\"count\">(40)<\/mark>\t\t<\/h2>\r\n\t\t<\/a><\/li>\r\n<li class=\"product-category product first\">\r\n\t<a aria-label=\"Produktkategorie Patronenetui besuchen\" href=\"https:\/\/riserva.it\/de\/produktkategorien\/patronenetui\/\"><img loading=\"lazy\" decoding=\"async\" src=\"https:\/\/riserva.it\/wp-content\/uploads\/2025\/06\/R3032_Portacolpi-2163-1.jpg\" alt=\"Patronenetui\" width=\"800\" height=\"800\" \/>\t\t<h2 class=\"woocommerce-loop-category__title\">\r\n\t\t\tPatronenetui <mark class=\"count\">(31)<\/mark>\t\t<\/h2>\r\n\t\t<\/a><\/li>\r\n<li class=\"product-category product\">\r\n\t<a aria-label=\"Produktkategorie Patronengurte besuchen\" href=\"https:\/\/riserva.it\/de\/produktkategorien\/patronengurte\/\"><img loading=\"lazy\" decoding=\"async\" src=\"https:\/\/riserva.it\/wp-content\/uploads\/2025\/06\/R1767_Cartuccera-copia-2028-1.jpg\" alt=\"Patronengurte\" width=\"800\" height=\"800\" \/>\t\t<h2 class=\"woocommerce-loop-category__title\">\r\n\t\t\tPatronengurte <mark class=\"count\">(10)<\/mark>\t\t<\/h2>\r\n\t\t<\/a><\/li>\r\n<li class=\"product-category product\">\r\n\t<a aria-label=\"Produktkategorie Rucks\u00e4cke und Taschen besuchen\" href=\"https:\/\/riserva.it\/de\/produktkategorien\/rucksaecke-und-taschen\/\"><img loading=\"lazy\" decoding=\"async\" src=\"https:\/\/riserva.it\/wp-content\/uploads\/2025\/05\/Categoria-ZAINI-1.jpg\" alt=\"Rucks\u00e4cke und Taschen\" width=\"800\" height=\"800\" \/>\t\t<h2 class=\"woocommerce-loop-category__title\">\r\n\t\t\tRucks\u00e4cke und Taschen <mark class=\"count\">(17)<\/mark>\t\t<\/h2>\r\n\t\t<\/a><\/li>\r\n<li class=\"product-category product last\">\r\n\t<a aria-label=\"Produktkategorie Schafterh\u00f6hungen, schaftkappen\u00fcberz\u00fcge und m\u00fcndungsschoner besuchen\" href=\"https:\/\/riserva.it\/de\/produktkategorien\/schafterhoehungen-schaftkappenueberzuege-und-muendungsschoner\/\"><img loading=\"lazy\" decoding=\"async\" src=\"https:\/\/riserva.it\/wp-content\/uploads\/2023\/08\/R6154.jpg\" alt=\"Schafterh\u00f6hungen, schaftkappen\u00fcberz\u00fcge und m\u00fcndungsschoner\" width=\"800\" height=\"800\" \/>\t\t<h2 class=\"woocommerce-loop-category__title\">\r\n\t\t\tSchafterh\u00f6hungen, schaftkappen\u00fcberz\u00fcge und m\u00fcndungsschoner <mark class=\"count\">(16)<\/mark>\t\t<\/h2>\r\n\t\t<\/a><\/li>\r\n<li class=\"product-category product first\">\r\n\t<a aria-label=\"Produktkategorie Schie\u00dfpolster und Trageriemen besuchen\" href=\"https:\/\/riserva.it\/de\/produktkategorien\/schiespolster-und-trageriemen\/\"><img loading=\"lazy\" decoding=\"async\" src=\"https:\/\/riserva.it\/wp-content\/uploads\/2025\/06\/R-2259_1-2600-1.jpg\" alt=\"Schie\u00dfpolster und Trageriemen\" width=\"800\" height=\"800\" \/>\t\t<h2 class=\"woocommerce-loop-category__title\">\r\n\t\t\tSchie\u00dfpolster und Trageriemen <mark class=\"count\">(4)<\/mark>\t\t<\/h2>\r\n\t\t<\/a><\/li>\r\n<li class=\"product-category product\">\r\n\t<a aria-label=\"Produktkategorie Taschen, Zielfernrohrabdeckungen &amp; Rotpunktabdeckungen besuchen\" href=\"https:\/\/riserva.it\/de\/produktkategorien\/taschen-zielfernrohrabdeckungen-rotpunktabdeckungen\/\"><img loading=\"lazy\" decoding=\"async\" src=\"https:\/\/riserva.it\/wp-content\/uploads\/2025\/06\/R2101L_Guaina-copricannocchiale_02-1811-3.jpg\" alt=\"Taschen, Zielfernrohrabdeckungen &amp; Rotpunktabdeckungen\" width=\"800\" height=\"800\" \/>\t\t<h2 class=\"woocommerce-loop-category__title\">\r\n\t\t\tTaschen, Zielfernrohrabdeckungen &amp; Rotpunktabdeckungen <mark class=\"count\">(9)<\/mark>\t\t<\/h2>\r\n\t\t<\/a><\/li>\r\n\r\n\t<\/ul>\r\n<\/div><\/div>\t\t\t\t<\/div>\r\n\t\t\t\t<\/div>\r\n\t\t\t\t<\/div>\r\n\t\t\t\t<\/div>\r\n\t\t","protected":false},"excerpt":{"rendered":"","protected":false},"author":1,"featured_media":0,"parent":0,"menu_order":0,"comment_status":"closed","ping_status":"closed","template":"elementor_header_footer","meta":{"footnotes":""},"class_list":["post-17417","page","type-page","status-publish","hentry"],"_links":{"self":[{"href":"https:\/\/riserva.it\/de\/wp-json\/wp\/v2\/pages\/17417","targetHints":{"allow":["GET"]}}],"collection":[{"href":"https:\/\/riserva.it\/de\/wp-json\/wp\/v2\/pages"}],"about":[{"href":"https:\/\/riserva.it\/de\/wp-json\/wp\/v2\/types\/page"}],"author":[{"embeddable":true,"href":"https:\/\/riserva.it\/de\/wp-json\/wp\/v2\/users\/1"}],"replies":[{"embeddable":true,"href":"https:\/\/riserva.it\/de\/wp-json\/wp\/v2\/comments?post=17417"}],"version-history":[{"count":0,"href":"https:\/\/riserva.it\/de\/wp-json\/wp\/v2\/pages\/17417\/revisions"}],"wp:attachment":[{"href":"https:\/\/riserva.it\/de\/wp-json\/wp\/v2\/media?parent=17417"}],"curies":[{"name":"wp","href":"https:\/\/api.w.org\/{rel}","templated":true}]}}