{"id":13646,"date":"2025-05-15T15:47:39","date_gmt":"2025-05-15T13:47:39","guid":{"rendered":"https:\/\/www.riserva.it\/cookie\/"},"modified":"2025-07-08T10:43:09","modified_gmt":"2025-07-08T08:43:09","slug":"cookie","status":"publish","type":"page","link":"https:\/\/riserva.it\/de\/cookie\/","title":{"rendered":"Cookie"},"content":{"rendered":"\t\t<div data-elementor-type=\"wp-page\" data-elementor-id=\"13646\" class=\"elementor elementor-13646 elementor-350\" data-elementor-post-type=\"page\">\r\n\t\t\t\t<div class=\"elementor-element elementor-element-8d50d77 e-flex e-con-boxed e-con e-parent\" data-id=\"8d50d77\" data-element_type=\"container\">\r\n\t\t\t\t\t<div class=\"e-con-inner\">\r\n\t\t\t\t<div class=\"elementor-element elementor-element-fbad27e elementor-widget elementor-widget-woocommerce-breadcrumb\" data-id=\"fbad27e\" data-element_type=\"widget\" data-widget_type=\"woocommerce-breadcrumb.default\">\r\n\t\t\t\t<div class=\"elementor-widget-container\">\r\n\t\t\t\t\t<nav class=\"woocommerce-breadcrumb\" aria-label=\"Breadcrumb\">Startseite<\/nav>\t\t\t\t<\/div>\r\n\t\t\t\t<\/div>\r\n\t\t\t\t<div class=\"elementor-element elementor-element-3c90168 elementor-widget elementor-widget-text-editor\" data-id=\"3c90168\" data-element_type=\"widget\" data-widget_type=\"text-editor.default\">\r\n\t\t\t\t<div class=\"elementor-widget-container\">\r\n\t\t\t\t\t\t\t\t\t<p>Effective Date: 20-Mar-2024<br \/>Last Updated: 20-Mar-2024<\/p><h5>What are cookies?<\/h5><div class=\"cookie-policy-p\"><p>This Cookie Policy explains what cookies are and how we use them, the types of cookies we use i.e, the information we collect using cookies and how that information is used, and how to manage the cookie settings.<\/p><p>Cookies are small text files that are used to store small pieces of information. They are stored on your device when the website is loaded on your browser. These cookies help us make the website function properly, make it more secure, provide better user experience, and understand how the website performs and to analyze what works and where it needs improvement.<\/p><\/div><h5>How do we use cookies?<\/h5><div class=\"cookie-policy-p\"><p>As most of the online services, our website uses first-party and third-party cookies for several purposes. First-party cookies are mostly necessary for the website to function the right way, and they do not collect any of your personally identifiable data.<\/p><p>The third-party cookies used on our website are mainly for understanding how the website performs, how you interact with our website, keeping our services secure, providing advertisements that are relevant to you, and all in all providing you with a better and improved user experience and help speed up your future interactions with our website.<\/p><\/div><h5>Types of Cookies we use<\/h5><div class=\"cky-audit-table-element\"><h3>Notwendige<\/h3><div class=\"cky-category-des\"><p>Notwendige Cookies sind f\u00fcr die Grundfunktionen der Website von entscheidender Bedeutung. Ohne sie kann die Website nicht in der vorgesehenen Weise funktionieren.Diese Cookies speichern keine personenbezogenen Daten.<\/p><\/div><div class=\"cky-table-wrapper\"><table class=\"cky-cookie-audit-table\"><thead><tr><th>Cookie<\/th><th>Dauer<\/th><th>Beschreibung<\/th><\/tr><\/thead><tbody><tr><td>PrivacyUsaCookieAnalytics<\/td><td>1 Jahr<\/td><td>Description is currently not available.<\/td><\/tr><tr><td>PrivacyUsaCookieTecnici<\/td><td>1 Jahr<\/td><td>Description is currently not available.<\/td><\/tr><tr><td>PHPSESSID<\/td><td>Sitzung<\/td><td>Dieses Cookie ist f\u00fcr PHP-Anwendungen nativ. Das Cookie speichert und identifiziert die eindeutige Sitzungs-ID eines Nutzers, um Nutzersitzungen auf der Website zu verwalten. Das Cookie ist ein Sitzungs-Cookie und wird gel\u00f6scht, wenn alle Browserfenster geschlossen werden.<\/td><\/tr><tr><td>SessioneSitoGetfast<\/td><td>1 Jahr<\/td><td>Description is currently not available.<\/td><\/tr><\/tbody><\/table><\/div><h3>Analyse<\/h3><div class=\"cky-category-des\"><p>Analyse-Cookies werden verwendet um zu verstehen, wie Besucher mit der Website interagieren. Diese Cookies dienen zu Aussagen \u00fcber die Anzahl der Besucher, Absprungrate, Herkunft der Besucher usw.<\/p><\/div><div class=\"cky-table-wrapper\"><table class=\"cky-cookie-audit-table\"><thead><tr><th>Cookie<\/th><th>Dauer<\/th><th>Beschreibung<\/th><\/tr><\/thead><tbody><tr><td>_gcl_au<\/td><td>3 Monate<\/td><td>Google Tag Manager setzt das Cookie, um die Werbeeffizienz von Websites zu testen, die seine Dienste nutzen.<\/td><\/tr><\/tbody><\/table><\/div><h3>Leistungs<\/h3><div class=\"cky-category-des\"><p>Leistungs-Cookies werden verwendet, um die wichtigsten Leistungsindizes der Website zu verstehen und zu analysieren. Dies tr\u00e4gt dazu bei, den Besuchern ein besseres Nutzererlebnis zu bieten.<\/p><\/div><div class=\"cky-table-wrapper\"><table class=\"cky-cookie-audit-table\"><thead><tr><th>Cookie<\/th><th>Dauer<\/th><th>Beschreibung<\/th><\/tr><\/thead><tbody><tr><td>__utma<\/td><td>1 Jahr 1 Monat 4 Tage<\/td><td>Google Analytics setzt dieses Cookie, um Nutzer und Sitzungen zu unterscheiden. Das Cookie wird erstellt, wenn die JavaScript-Bibliothek ausgef\u00fchrt wird und keine __utma-Cookies vorhanden sind. Das Cookie wird jedes Mal aktualisiert, wenn Daten an Google Analytics gesendet werden.<\/td><\/tr><tr><td>__utmb<\/td><td>1 Stunde<\/td><td>Google Analytics setzt dieses Cookie, um neue Sitzungen\/Besuche zu ermitteln. Das __utmb-Cookie wird erstellt, wenn die JavaScript-Bibliothek ausgef\u00fchrt wird und keine __utma-Cookies vorhanden sind. Es wird jedes Mal aktualisiert, wenn Daten an Google Analytics gesendet werden.<\/td><\/tr><tr><td>__utmc<\/td><td>Sitzung<\/td><td>Google Analytics setzt dieses Cookie, um die Interoperabilit\u00e4t mit urchin.js, einer \u00e4lteren Version von Google Analytics, zu erm\u00f6glichen, und wird zusammen mit dem __utmb-Cookie verwendet, um neue Sitzungen\/Besuche zu ermitteln. Es wird gel\u00f6scht, wenn der Benutzer den Browser schlie\u00dft.<\/td><\/tr><tr><td>__utmz<\/td><td>6 Monate<\/td><td>Google Analytics setzt dieses Cookie, um die Verkehrsquelle oder Kampagne zu speichern, \u00fcber die der Besucher auf die Website gelangt ist.<\/td><\/tr><tr><td>__utmt<\/td><td>10 Minuten<\/td><td>Google Analytics setzt dieses Cookie, um die Anfragerate zu verringern.<\/td><\/tr><\/tbody><\/table><\/div><h3>Werbe<\/h3><div class=\"cky-category-des\"><p>Werbe-Cookies werden verwendet, um Besuchern auf der Grundlage der von ihnen zuvor besuchten Seiten ma\u00dfgeschneiderte Werbung zu liefern und die Wirksamkeit von Werbekampagne nzu analysieren.<\/p><\/div><div class=\"cky-table-wrapper\"><table class=\"cky-cookie-audit-table\"><thead><tr><th>Cookie<\/th><th>Dauer<\/th><th>Beschreibung<\/th><\/tr><\/thead><tbody><tr><td>YSC<\/td><td>Sitzung<\/td><td>Youtube setzt dieses Cookie, um die Aufrufe von eingebetteten Videos auf Youtube-Seiten zu verfolgen.<\/td><\/tr><tr><td>VISITOR_INFO1_LIVE<\/td><td>6 Monate<\/td><td>YouTube setzt dieses Cookie, um die Bandbreite zu messen und festzustellen, ob der Nutzer die neue oder die alte Player-Schnittstelle erh\u00e4lt.<\/td><\/tr><tr><td>test_cookie<\/td><td>16 Minuten<\/td><td>doubleclick.net setzt dieses Cookie, um festzustellen, ob der Browser des Nutzers Cookies unterst\u00fctzt.<\/td><\/tr><tr><td>VISITOR_PRIVACY_METADATA<\/td><td>6 Monate<\/td><td>YouTube sets this cookie to store the user&#8217;s cookie consent state for the current domain.<\/td><\/tr><tr><td>yt.innertube::requests<\/td><td>nie<\/td><td>YouTube setzt dieses Cookie, um eine eindeutige ID zu erfassen und Daten dar\u00fcber zu speichern, welche YouTube-Videos der Nutzer gesehen hat.<\/td><\/tr><tr><td>yt.innertube::nextId<\/td><td>nie<\/td><td>YouTube setzt dieses Cookie, um eine eindeutige ID zu erfassen und Daten dar\u00fcber zu speichern, welche YouTube-Videos der Nutzer gesehen hat.<\/td><\/tr><tr><td>yt-remote-device-id<\/td><td>nie<\/td><td>YouTube setzt dieses Cookie, um die Videopr\u00e4ferenzen des Nutzers mittels eingebetteter YouTube-Videos zu speichern.<\/td><\/tr><tr><td>yt-remote-connected-devices<\/td><td>nie<\/td><td>YouTube setzt dieses Cookie, um die Videopr\u00e4ferenzen des Nutzers mittels eingebetteter YouTube-Videos zu speichern.<\/td><\/tr><\/tbody><\/table><\/div><\/div><h5>Manage cookie preferences<\/h5><p><a class=\"cky-banner-element\">Cookie Settings<\/a><\/p><div><p>You can change your cookie preferences any time by clicking the above button. This will let you revisit the cookie consent banner and change your preferences or withdraw your consent right away.<\/p><p>In addition to this, different browsers provide different methods to block and delete cookies used by websites. You can change the settings of your browser to block\/delete the cookies. Listed below are the links to the support documents on how to manage and delete cookies from the major web browsers.<\/p><p>Chrome:\u00a0<a href=\"https:\/\/support.google.com\/accounts\/answer\/32050\" target=\"_blank\" rel=\"noopener\">https:\/\/support.google.com\/accounts\/answer\/32050<\/a><\/p><p>Safari:\u00a0<a href=\"https:\/\/support.apple.com\/en-in\/guide\/safari\/sfri11471\/mac\" target=\"_blank\" rel=\"noopener\">https:\/\/support.apple.com\/en-in\/guide\/safari\/sfri11471\/mac<\/a><\/p><p>Firefox:\u00a0<a href=\"https:\/\/support.mozilla.org\/en-US\/kb\/clear-cookies-and-site-data-firefox?redirectslug=delete-cookies-remove-info-websites-stored&amp;redirectlocale=en-US\" target=\"_blank\" rel=\"noopener\">https:\/\/support.mozilla.org\/en-US\/kb\/clear-cookies-and-site-data-firefox?redirectslug=delete-cookies-remove-info-websites-stored&amp;redirectlocale=en-US<\/a><\/p><p>Internet Explorer:\u00a0<a href=\"https:\/\/support.microsoft.com\/en-us\/topic\/how-to-delete-cookie-files-in-internet-explorer-bca9446f-d873-78de-77ba-d42645fa52fc\" target=\"_blank\" rel=\"noopener\">https:\/\/support.microsoft.com\/en-us\/topic\/how-to-delete-cookie-files-in-internet-explorer-bca9446f-d873-78de-77ba-d42645fa52fc<\/a><\/p><p>If you are using any other web browser, please visit your browser\u2019s official support documents.<\/p><\/div><p class=\"cookie-policy-p\">Cookie Policy Generated By\u00a0<a href=\"https:\/\/www.cookieyes.com\/?utm_source=CP&amp;utm_medium=footer&amp;utm_campaign=UW\" target=\"_blank\" rel=\"noopener\">CookieYes &#8211; Cookie Policy Generator<\/a>.<\/p>\t\t\t\t\t\t\t\t<\/div>\r\n\t\t\t\t<\/div>\r\n\t\t\t\t\t<\/div>\r\n\t\t\t\t<\/div>\r\n\t\t\t\t<\/div>\r\n\t\t","protected":false},"excerpt":{"rendered":"<p>Effective Date: 20-Mar-2024Last Updated: 20-Mar-2024 What are cookies? This Cookie Policy explains what cookies are and how we use them, the types of cookies we use<span class=\"excerpt-hellip\"> [\u2026]<\/span><\/p>\n","protected":false},"author":1,"featured_media":0,"parent":0,"menu_order":0,"comment_status":"closed","ping_status":"closed","template":"elementor_header_footer","meta":{"footnotes":""},"class_list":["post-13646","page","type-page","status-publish","hentry"],"_links":{"self":[{"href":"https:\/\/riserva.it\/de\/wp-json\/wp\/v2\/pages\/13646","targetHints":{"allow":["GET"]}}],"collection":[{"href":"https:\/\/riserva.it\/de\/wp-json\/wp\/v2\/pages"}],"about":[{"href":"https:\/\/riserva.it\/de\/wp-json\/wp\/v2\/types\/page"}],"author":[{"embeddable":true,"href":"https:\/\/riserva.it\/de\/wp-json\/wp\/v2\/users\/1"}],"replies":[{"embeddable":true,"href":"https:\/\/riserva.it\/de\/wp-json\/wp\/v2\/comments?post=13646"}],"version-history":[{"count":0,"href":"https:\/\/riserva.it\/de\/wp-json\/wp\/v2\/pages\/13646\/revisions"}],"wp:attachment":[{"href":"https:\/\/riserva.it\/de\/wp-json\/wp\/v2\/media?parent=13646"}],"curies":[{"name":"wp","href":"https:\/\/api.w.org\/{rel}","templated":true}]}}