{"id":13603,"date":"2025-06-04T14:55:12","date_gmt":"2025-06-04T12:55:12","guid":{"rendered":"https:\/\/www.riserva.it\/prodotti-conto-terzi\/"},"modified":"2025-07-08T11:29:19","modified_gmt":"2025-07-08T09:29:19","slug":"auftragsfertigung","status":"publish","type":"page","link":"https:\/\/riserva.it\/de\/auftragsfertigung\/","title":{"rendered":"Auftragsfertigung"},"content":{"rendered":"\t\t<div data-elementor-type=\"wp-page\" data-elementor-id=\"13603\" class=\"elementor elementor-13603 elementor-2175\" data-elementor-post-type=\"page\">\r\n\t\t\t\t<div class=\"elementor-element elementor-element-7d3d079 e-flex e-con-boxed e-con e-parent\" data-id=\"7d3d079\" data-element_type=\"container\" data-settings=\"{&quot;background_background&quot;:&quot;classic&quot;}\">\r\n\t\t\t\t\t<div class=\"e-con-inner\">\r\n\t\t\t\t<div class=\"elementor-element elementor-element-20055c3 elementor-widget elementor-widget-heading\" data-id=\"20055c3\" data-element_type=\"widget\" data-widget_type=\"heading.default\">\r\n\t\t\t\t<div class=\"elementor-widget-container\">\r\n\t\t\t\t\t<h2 class=\"elementor-heading-title elementor-size-default\">Qualit\u00e4t im Dienst Ihrer Marke<\/h2>\t\t\t\t<\/div>\r\n\t\t\t\t<\/div>\r\n\t\t\t\t<div class=\"elementor-element elementor-element-57c1761 elementor-widget__width-initial elementor-widget-tablet__width-initial elementor-widget elementor-widget-text-editor\" data-id=\"57c1761\" data-element_type=\"widget\" data-widget_type=\"text-editor.default\">\r\n\t\t\t\t<div class=\"elementor-widget-container\">\r\n\t\t\t\t\t\t\t\t\t<p>Seit \u00fcber 40 Jahren stellen wir unsere Erfahrung anderen Marken zur Verf\u00fcgung und bieten ma\u00dfgeschneiderte L\u00f6sungen f\u00fcr die Herstellung technischer Produkte, Accessoires und Bekleidung f\u00fcr den Outdoor- und Jagdbereich.<\/p>\t\t\t\t\t\t\t\t<\/div>\r\n\t\t\t\t<\/div>\r\n\t\t\t\t\t<\/div>\r\n\t\t\t\t<\/div>\r\n\t\t<div class=\"elementor-element elementor-element-fae1e1c e-flex e-con-boxed e-con e-parent\" data-id=\"fae1e1c\" data-element_type=\"container\" data-settings=\"{&quot;background_background&quot;:&quot;classic&quot;}\">\r\n\t\t\t\t\t<div class=\"e-con-inner\">\r\n\t\t\t\t<div class=\"elementor-element elementor-element-c1b2747 elementor-widget__width-initial elementor-view-default elementor-position-top elementor-mobile-position-top elementor-widget elementor-widget-icon-box\" data-id=\"c1b2747\" data-element_type=\"widget\" data-widget_type=\"icon-box.default\">\r\n\t\t\t\t<div class=\"elementor-widget-container\">\r\n\t\t\t\t\t\t\t<div class=\"elementor-icon-box-wrapper\">\r\n\r\n\t\t\t\t\t\t<div class=\"elementor-icon-box-icon\">\r\n\t\t\t\t<span  class=\"elementor-icon\">\r\n\t\t\t\t<i aria-hidden=\"true\" class=\"phl phlight-selection-inverse\"><\/i>\t\t\t\t<\/span>\r\n\t\t\t<\/div>\r\n\t\t\t\r\n\t\t\t\t\t\t<div class=\"elementor-icon-box-content\">\r\n\r\n\t\t\t\t\t\t\t\t\t<h4 class=\"elementor-icon-box-title\">\r\n\t\t\t\t\t\t<span  >\r\n\t\t\t\t\t\t\tIndividuelle Entwicklung\t\t\t\t\t\t<\/span>\r\n\t\t\t\t\t<\/h4>\r\n\t\t\t\t\r\n\t\t\t\t\t\t\t\t\t<p class=\"elementor-icon-box-description\">\r\n\t\t\t\t\t\tWir arbeiten gemeinsam an der Definition technischer und funktionaler Spezifikationen.\t\t\t\t\t<\/p>\r\n\t\t\t\t\r\n\t\t\t<\/div>\r\n\t\t\t\r\n\t\t<\/div>\r\n\t\t\t\t\t\t<\/div>\r\n\t\t\t\t<\/div>\r\n\t\t\t\t<div class=\"elementor-element elementor-element-373ef9e elementor-widget__width-initial elementor-view-default elementor-position-top elementor-mobile-position-top elementor-widget elementor-widget-icon-box\" data-id=\"373ef9e\" data-element_type=\"widget\" data-widget_type=\"icon-box.default\">\r\n\t\t\t\t<div class=\"elementor-widget-container\">\r\n\t\t\t\t\t\t\t<div class=\"elementor-icon-box-wrapper\">\r\n\r\n\t\t\t\t\t\t<div class=\"elementor-icon-box-icon\">\r\n\t\t\t\t<span  class=\"elementor-icon\">\r\n\t\t\t\t<i aria-hidden=\"true\" class=\"phl phlight-seal-check\"><\/i>\t\t\t\t<\/span>\r\n\t\t\t<\/div>\r\n\t\t\t\r\n\t\t\t\t\t\t<div class=\"elementor-icon-box-content\">\r\n\r\n\t\t\t\t\t\t\t\t\t<h4 class=\"elementor-icon-box-title\">\r\n\t\t\t\t\t\t<span  >\r\n\t\t\t\t\t\t\tZertifizierte Materialien\t\t\t\t\t\t<\/span>\r\n\t\t\t\t\t<\/h4>\r\n\t\t\t\t\r\n\t\t\t\t\t\t\t\t\t<p class=\"elementor-icon-box-description\">\r\n\t\t\t\t\t\tJedes Produkt wird intern mit ausgew\u00e4hlten Materialien und fortschrittlichen Technologien gefertigt.\n\n\t\t\t\t\t<\/p>\r\n\t\t\t\t\r\n\t\t\t<\/div>\r\n\t\t\t\r\n\t\t<\/div>\r\n\t\t\t\t\t\t<\/div>\r\n\t\t\t\t<\/div>\r\n\t\t\t\t<div class=\"elementor-element elementor-element-dad2d85 elementor-widget__width-initial elementor-view-default elementor-position-top elementor-mobile-position-top elementor-widget elementor-widget-icon-box\" data-id=\"dad2d85\" data-element_type=\"widget\" data-widget_type=\"icon-box.default\">\r\n\t\t\t\t<div class=\"elementor-widget-container\">\r\n\t\t\t\t\t\t\t<div class=\"elementor-icon-box-wrapper\">\r\n\r\n\t\t\t\t\t\t<div class=\"elementor-icon-box-icon\">\r\n\t\t\t\t<span  class=\"elementor-icon\">\r\n\t\t\t\t<i aria-hidden=\"true\" class=\"xlwpf wppb-font-diamond\"><\/i>\t\t\t\t<\/span>\r\n\t\t\t<\/div>\r\n\t\t\t\r\n\t\t\t\t\t\t<div class=\"elementor-icon-box-content\">\r\n\r\n\t\t\t\t\t\t\t\t\t<h4 class=\"elementor-icon-box-title\">\r\n\t\t\t\t\t\t<span  >\r\n\t\t\t\t\t\t\tFlexibilit\u00e4t und Qualit\u00e4t\t\t\t\t\t\t<\/span>\r\n\t\t\t\t\t<\/h4>\r\n\t\t\t\t\r\n\t\t\t\t\t\t\t\t\t<p class=\"elementor-icon-box-description\">\r\n\t\t\t\t\t\tProduktionen auf Anfrage, durchgehende Qualit\u00e4tskontrollen und Liebe zum Detail.\n\t\t\t\t\t<\/p>\r\n\t\t\t\t\r\n\t\t\t<\/div>\r\n\t\t\t\r\n\t\t<\/div>\r\n\t\t\t\t\t\t<\/div>\r\n\t\t\t\t<\/div>\r\n\t\t\t\t<div class=\"elementor-element elementor-element-00b29ce elementor-widget__width-initial elementor-view-default elementor-position-top elementor-mobile-position-top elementor-widget elementor-widget-icon-box\" data-id=\"00b29ce\" data-element_type=\"widget\" data-widget_type=\"icon-box.default\">\r\n\t\t\t\t<div class=\"elementor-widget-container\">\r\n\t\t\t\t\t\t\t<div class=\"elementor-icon-box-wrapper\">\r\n\r\n\t\t\t\t\t\t<div class=\"elementor-icon-box-icon\">\r\n\t\t\t\t<span  class=\"elementor-icon\">\r\n\t\t\t\t<i aria-hidden=\"true\" class=\"phl phlight-handshake\"><\/i>\t\t\t\t<\/span>\r\n\t\t\t<\/div>\r\n\t\t\t\r\n\t\t\t\t\t\t<div class=\"elementor-icon-box-content\">\r\n\r\n\t\t\t\t\t\t\t\t\t<h4 class=\"elementor-icon-box-title\">\r\n\t\t\t\t\t\t<span  >\r\n\t\t\t\t\t\t\tLangfristige Zuverl\u00e4ssigkeit\t\t\t\t\t\t<\/span>\r\n\t\t\t\t\t<\/h4>\r\n\t\t\t\t\r\n\t\t\t\t\t\t\t\t\t<p class=\"elementor-icon-box-description\">\r\n\t\t\t\t\t\tStabile Lieferbeziehungen, kontinuierliche Produktion und ein engagierter After-Sales-Service.\n\n\n\n\n\n\n\n\n\n\t\t\t\t\t<\/p>\r\n\t\t\t\t\r\n\t\t\t<\/div>\r\n\t\t\t\r\n\t\t<\/div>\r\n\t\t\t\t\t\t<\/div>\r\n\t\t\t\t<\/div>\r\n\t\t\t\t\t<\/div>\r\n\t\t\t\t<\/div>\r\n\t\t<div class=\"elementor-element elementor-element-41e34eb e-flex e-con-boxed e-con e-parent\" data-id=\"41e34eb\" data-element_type=\"container\" data-settings=\"{&quot;background_background&quot;:&quot;classic&quot;}\">\r\n\t\t\t\t\t<div class=\"e-con-inner\">\r\n\t\t\t\t<div class=\"elementor-element elementor-element-56b2952 elementor-widget-mobile__width-inherit elementor-widget elementor-widget-image\" data-id=\"56b2952\" data-element_type=\"widget\" data-widget_type=\"image.default\">\r\n\t\t\t\t<div class=\"elementor-widget-container\">\r\n\t\t\t\t\t\t\t\t\t\t\t\t\t\t\t<img decoding=\"async\" src=\"https:\/\/www.riserva.it\/wp-content\/uploads\/2025\/05\/riserva2.png\" title=\"\" alt=\"\" loading=\"lazy\" \/>\t\t\t\t\t\t\t\t\t\t\t\t\t\t\t<\/div>\r\n\t\t\t\t<\/div>\r\n\t\t\t\t<div class=\"elementor-element elementor-element-951f010 elementor-widget__width-initial elementor-widget-mobile__width-initial elementor-widget elementor-widget-heading\" data-id=\"951f010\" data-element_type=\"widget\" data-widget_type=\"heading.default\">\r\n\t\t\t\t<div class=\"elementor-widget-container\">\r\n\t\t\t\t\t<h3 class=\"elementor-heading-title elementor-size-default\">Haben Sie ein Projekt, das Sie realisieren m\u00f6chten?<\/h3>\t\t\t\t<\/div>\r\n\t\t\t\t<\/div>\r\n\t\t\t\t<div class=\"elementor-element elementor-element-b34a04e elementor-widget__width-initial elementor-widget-tablet__width-inherit elementor-widget-mobile__width-initial elementor-widget elementor-widget-heading\" data-id=\"b34a04e\" data-element_type=\"widget\" data-widget_type=\"heading.default\">\r\n\t\t\t\t<div class=\"elementor-widget-container\">\r\n\t\t\t\t\t<h5 class=\"elementor-heading-title elementor-size-default\">Kontaktieren Sie uns f\u00fcr eine individuelle Beratung oder ein ma\u00dfgeschneidertes Angebot.<\/h5>\t\t\t\t<\/div>\r\n\t\t\t\t<\/div>\r\n\t\t\t\t<div class=\"elementor-element elementor-element-52ce452 elementor-align-center elementor-mobile-align-center elementor-widget-mobile__width-inherit elementor-widget elementor-widget-button\" data-id=\"52ce452\" data-element_type=\"widget\" data-widget_type=\"button.default\">\r\n\t\t\t\t<div class=\"elementor-widget-container\">\r\n\t\t\t\t\t\t\t\t\t<div class=\"elementor-button-wrapper\">\r\n\t\t\t\t\t<a class=\"elementor-button elementor-button-link elementor-size-sm\" href=\"https:\/\/www.riserva.it\/de\/kontakt\/\">\r\n\t\t\t\t\t\t<span class=\"elementor-button-content-wrapper\">\r\n\t\t\t\t\t\t\t\t\t<span class=\"elementor-button-text\">Jetzt kontaktieren<\/span>\r\n\t\t\t\t\t<\/span>\r\n\t\t\t\t\t<\/a>\r\n\t\t\t\t<\/div>\r\n\t\t\t\t\t\t\t\t<\/div>\r\n\t\t\t\t<\/div>\r\n\t\t\t\t\t<\/div>\r\n\t\t\t\t<\/div>\r\n\t\t\t\t<\/div>\r\n\t\t","protected":false},"excerpt":{"rendered":"<p>Qualit\u00e4t im Dienst Ihrer Marke Seit \u00fcber 40 Jahren stellen wir unsere Erfahrung anderen Marken zur Verf\u00fcgung und bieten ma\u00dfgeschneiderte L\u00f6sungen f\u00fcr die Herstellung technischer Produkte,<span class=\"excerpt-hellip\"> [\u2026]<\/span><\/p>\n","protected":false},"author":1,"featured_media":0,"parent":0,"menu_order":0,"comment_status":"closed","ping_status":"closed","template":"elementor_header_footer","meta":{"footnotes":""},"class_list":["post-13603","page","type-page","status-publish","hentry"],"_links":{"self":[{"href":"https:\/\/riserva.it\/de\/wp-json\/wp\/v2\/pages\/13603","targetHints":{"allow":["GET"]}}],"collection":[{"href":"https:\/\/riserva.it\/de\/wp-json\/wp\/v2\/pages"}],"about":[{"href":"https:\/\/riserva.it\/de\/wp-json\/wp\/v2\/types\/page"}],"author":[{"embeddable":true,"href":"https:\/\/riserva.it\/de\/wp-json\/wp\/v2\/users\/1"}],"replies":[{"embeddable":true,"href":"https:\/\/riserva.it\/de\/wp-json\/wp\/v2\/comments?post=13603"}],"version-history":[{"count":0,"href":"https:\/\/riserva.it\/de\/wp-json\/wp\/v2\/pages\/13603\/revisions"}],"wp:attachment":[{"href":"https:\/\/riserva.it\/de\/wp-json\/wp\/v2\/media?parent=13603"}],"curies":[{"name":"wp","href":"https:\/\/api.w.org\/{rel}","templated":true}]}}