{"id":13576,"date":"2025-05-15T16:57:05","date_gmt":"2025-05-15T14:57:05","guid":{"rendered":"https:\/\/www.riserva.it\/spedizioni\/"},"modified":"2025-07-07T16:42:32","modified_gmt":"2025-07-07T14:42:32","slug":"lieferbedingungen","status":"publish","type":"page","link":"https:\/\/riserva.it\/de\/lieferbedingungen\/","title":{"rendered":"Lieferbedingungen"},"content":{"rendered":"\t\t<div data-elementor-type=\"wp-page\" data-elementor-id=\"13576\" class=\"elementor elementor-13576 elementor-372\" data-elementor-post-type=\"page\">\r\n\t\t\t\t<div class=\"elementor-element elementor-element-0402c77 e-flex e-con-boxed e-con e-parent\" data-id=\"0402c77\" data-element_type=\"container\">\r\n\t\t\t\t\t<div class=\"e-con-inner\">\r\n\t\t<div class=\"elementor-element elementor-element-172602c e-con-full e-flex e-con e-child\" data-id=\"172602c\" data-element_type=\"container\">\r\n\t\t\t\t<div class=\"elementor-element elementor-element-f998bda elementor-widget elementor-widget-woocommerce-breadcrumb\" data-id=\"f998bda\" data-element_type=\"widget\" data-widget_type=\"woocommerce-breadcrumb.default\">\r\n\t\t\t\t<div class=\"elementor-widget-container\">\r\n\t\t\t\t\t<nav class=\"woocommerce-breadcrumb\" aria-label=\"Breadcrumb\">Startseite<\/nav>\t\t\t\t<\/div>\r\n\t\t\t\t<\/div>\r\n\t\t\t\t<\/div>\r\n\t\t\t\t<div class=\"elementor-element elementor-element-204c8e9 elementor-widget__width-initial elementor-widget elementor-widget-heading\" data-id=\"204c8e9\" data-element_type=\"widget\" data-widget_type=\"heading.default\">\r\n\t\t\t\t<div class=\"elementor-widget-container\">\r\n\t\t\t\t\t<h4 class=\"elementor-heading-title elementor-size-default\">Diese Lieferbedingungen gelten f\u00fcr Bestellungen von Firmenkunden und Privatpersonen, die in den folgenden L\u00e4nder liegen:<\/h4>\t\t\t\t<\/div>\r\n\t\t\t\t<\/div>\r\n\t\t<div class=\"elementor-element elementor-element-c0317c3 e-con-full e-flex e-con e-child\" data-id=\"c0317c3\" data-element_type=\"container\">\r\n\t\t\t\t<div class=\"elementor-element elementor-element-6405fa3 elementor-widget__width-initial elementor-icon-list--layout-traditional elementor-list-item-link-full_width elementor-widget elementor-widget-icon-list\" data-id=\"6405fa3\" data-element_type=\"widget\" data-widget_type=\"icon-list.default\">\r\n\t\t\t\t<div class=\"elementor-widget-container\">\r\n\t\t\t\t\t\t\t<ul class=\"elementor-icon-list-items\">\r\n\t\t\t\t\t\t\t<li class=\"elementor-icon-list-item\">\r\n\t\t\t\t\t\t\t\t\t\t<span class=\"elementor-icon-list-text\">Deutschland<\/span>\r\n\t\t\t\t\t\t\t\t\t<\/li>\r\n\t\t\t\t\t\t\t\t<li class=\"elementor-icon-list-item\">\r\n\t\t\t\t\t\t\t\t\t\t<span class=\"elementor-icon-list-text\">Bulgarien<\/span>\r\n\t\t\t\t\t\t\t\t\t<\/li>\r\n\t\t\t\t\t\t\t\t<li class=\"elementor-icon-list-item\">\r\n\t\t\t\t\t\t\t\t\t\t<span class=\"elementor-icon-list-text\">Tschechische Republik<\/span>\r\n\t\t\t\t\t\t\t\t\t<\/li>\r\n\t\t\t\t\t\t\t\t<li class=\"elementor-icon-list-item\">\r\n\t\t\t\t\t\t\t\t\t\t<span class=\"elementor-icon-list-text\">D\u00e4nemark<\/span>\r\n\t\t\t\t\t\t\t\t\t<\/li>\r\n\t\t\t\t\t\t\t\t<li class=\"elementor-icon-list-item\">\r\n\t\t\t\t\t\t\t\t\t\t<span class=\"elementor-icon-list-text\">Estland<\/span>\r\n\t\t\t\t\t\t\t\t\t<\/li>\r\n\t\t\t\t\t\t\t\t<li class=\"elementor-icon-list-item\">\r\n\t\t\t\t\t\t\t\t\t\t<span class=\"elementor-icon-list-text\">Finnland<\/span>\r\n\t\t\t\t\t\t\t\t\t<\/li>\r\n\t\t\t\t\t\t\t\t<li class=\"elementor-icon-list-item\">\r\n\t\t\t\t\t\t\t\t\t\t<span class=\"elementor-icon-list-text\">Irland<\/span>\r\n\t\t\t\t\t\t\t\t\t<\/li>\r\n\t\t\t\t\t\t\t\t<li class=\"elementor-icon-list-item\">\r\n\t\t\t\t\t\t\t\t\t\t<span class=\"elementor-icon-list-text\">Lituanien<\/span>\r\n\t\t\t\t\t\t\t\t\t<\/li>\r\n\t\t\t\t\t\t<\/ul>\r\n\t\t\t\t\t\t<\/div>\r\n\t\t\t\t<\/div>\r\n\t\t\t\t<div class=\"elementor-element elementor-element-bc25fec elementor-widget__width-initial elementor-icon-list--layout-traditional elementor-list-item-link-full_width elementor-widget elementor-widget-icon-list\" data-id=\"bc25fec\" data-element_type=\"widget\" data-widget_type=\"icon-list.default\">\r\n\t\t\t\t<div class=\"elementor-widget-container\">\r\n\t\t\t\t\t\t\t<ul class=\"elementor-icon-list-items\">\r\n\t\t\t\t\t\t\t<li class=\"elementor-icon-list-item\">\r\n\t\t\t\t\t\t\t\t\t\t<span class=\"elementor-icon-list-text\">Polen<\/span>\r\n\t\t\t\t\t\t\t\t\t<\/li>\r\n\t\t\t\t\t\t\t\t<li class=\"elementor-icon-list-item\">\r\n\t\t\t\t\t\t\t\t\t\t<span class=\"elementor-icon-list-text\">Portugal<\/span>\r\n\t\t\t\t\t\t\t\t\t<\/li>\r\n\t\t\t\t\t\t\t\t<li class=\"elementor-icon-list-item\">\r\n\t\t\t\t\t\t\t\t\t\t<span class=\"elementor-icon-list-text\">Slowenien<\/span>\r\n\t\t\t\t\t\t\t\t\t<\/li>\r\n\t\t\t\t\t\t\t\t<li class=\"elementor-icon-list-item\">\r\n\t\t\t\t\t\t\t\t\t\t<span class=\"elementor-icon-list-text\">Spanien<\/span>\r\n\t\t\t\t\t\t\t\t\t<\/li>\r\n\t\t\t\t\t\t\t\t<li class=\"elementor-icon-list-item\">\r\n\t\t\t\t\t\t\t\t\t\t<span class=\"elementor-icon-list-text\">Schweden<\/span>\r\n\t\t\t\t\t\t\t\t\t<\/li>\r\n\t\t\t\t\t\t\t\t<li class=\"elementor-icon-list-item\">\r\n\t\t\t\t\t\t\t\t\t\t<span class=\"elementor-icon-list-text\">Vereinigtes K\u00f6nigreich<\/span>\r\n\t\t\t\t\t\t\t\t\t<\/li>\r\n\t\t\t\t\t\t\t\t<li class=\"elementor-icon-list-item\">\r\n\t\t\t\t\t\t\t\t\t\t<span class=\"elementor-icon-list-text\">Ungarn<\/span>\r\n\t\t\t\t\t\t\t\t\t<\/li>\r\n\t\t\t\t\t\t<\/ul>\r\n\t\t\t\t\t\t<\/div>\r\n\t\t\t\t<\/div>\r\n\t\t\t\t<div class=\"elementor-element elementor-element-4c8dc17 elementor-widget__width-initial elementor-widget-tablet__width-initial elementor-widget-mobile__width-inherit elementor-widget elementor-widget-text-editor\" data-id=\"4c8dc17\" data-element_type=\"widget\" data-widget_type=\"text-editor.default\">\r\n\t\t\t\t<div class=\"elementor-widget-container\">\r\n\t\t\t\t\t\t\t\t\t<p>Wenn Sie nicht in diesen L\u00e4ndern wohnen, bitte, schreiben Sie eine E-mail zu\u00a0<a href=\"mailto:info@riserva.it\">info@riserva.it<\/a>\u00a0und wir werden Ihnen \u00fcber die Versandkosten informieren.<\/p><p>Die Lieferzeit betr\u00e4gt bis zu 7 Arbeitstage (Montag bis Freitag, Feiertage ausgenommen).\u00a0<\/p>\t\t\t\t\t\t\t\t<\/div>\r\n\t\t\t\t<\/div>\r\n\t\t\t\t<\/div>\r\n\t\t\t\t<div class=\"elementor-element elementor-element-851ec54 elementor-widget elementor-widget-text-editor\" data-id=\"851ec54\" data-element_type=\"widget\" data-widget_type=\"text-editor.default\">\r\n\t\t\t\t<div class=\"elementor-widget-container\">\r\n\t\t\t\t\t\t\t\t\t<h4>Information zur Berechnung des Liefertermins:\u00a0<\/h4><p>Die Frist f\u00fcr die Lieferung beginnt bei Zahlung per Vorkasse am Tag nach Erteilung des Zahlungsauftrags an das \u00fcberweisende Kreditinstitut bzw. bei anderen Zahlungsarten am Tag nach Vertragsschluss zu laufen und endet mit dem Ablauf des letzten Tages der Frist. F\u00e4llt der letzte Tag der Frist auf einen Samstag, Sonntag oder einen am Lieferort staatlich anerkannten allgemeinen Feiertag, so tritt an die Stelle eines solchen Tages der n\u00e4chste Arbeitstag.<\/p><p>Alle vorr\u00e4tigen Produkte werden innerhalb von 2 Werktagen Versanden. Je nach Zielland, wird erfolgt die Auslieferung Ihrer Bestellung mit den im Folgenden aufgef\u00fchrten Dienstleister:<\/p><p><strong>Fedex, Gls, Bartolini DPD\u00a0oder DHL.<\/strong><\/p><p>Die Kosten f\u00fcr den Versand werden gesondert berechnet. Wir behalten uns das Recht vor, jederzeit Preis\u00e4nderungen vorzunehmen, verpflichten uns jedoch, den zum Zeitpunkt Ihrer Bestellung auf der Internetseite angegebenen Preis zu hantieren.<\/p><p>* F\u00fcr Kunden au\u00dferhalb der Europ\u00e4ischen Gemeinschaft: Ihre lokale Zollbeh\u00f6rde k\u00f6nnen Ihnen Steuern \/ Abgaben berechnen. Diese sind nicht in unseren Versandkosten enthalten! Erkundigen Sie sich bei Ihrem Zollamt \u00fcber die H\u00f6he dieser Kosten, um b\u00f6se \u00dcberraschungen zu vermeiden.<\/p>\t\t\t\t\t\t\t\t<\/div>\r\n\t\t\t\t<\/div>\r\n\t\t\t\t<div class=\"elementor-element elementor-element-db859e4 elementor-widget elementor-widget-text-editor\" data-id=\"db859e4\" data-element_type=\"widget\" data-widget_type=\"text-editor.default\">\r\n\t\t\t\t<div class=\"elementor-widget-container\">\r\n\t\t\t\t\t\t\t\t\t<h4>R\u00fcckgaberecht<\/h4><p>Wenn Sie aus irgendeinem Grund mit unserem Produkt nicht zufrieden sind, k\u00f6nnen Sie es einfach innerhalb von 14 Tagen nach Lieferung an uns zur\u00fcckschicken. Die R\u00fcckgabe eines Produkts erfolgt in wenigen einfachen Schritten:<\/p><ul><li><p><strong>Schritt 1<\/strong>: Senden Sie eine E-Mail oder rufen Sie uns an und beschreiben Sie den Grund f\u00fcr die R\u00fcckkehr und Ihre geplante Ma\u00dfnahme. Vielleicht m\u00f6chten Sie bei Ihrer n\u00e4chsten Bestellung eine andere Farbe, ein anderes Produkt, eine R\u00fcckerstattung oder Gutschrift.<\/p><\/li><li><p><strong>Schritt 2<\/strong>: Verpacken Sie das Produkt sicher, f\u00fcgen Sie Ihren Namen und eine Kopie oder eine kurze Zusammenfassung unserer Kommunikation in das Feld ein (dies ist praktisch, wenn ein anderer Kollege die R\u00fccksendung bearbeitet).<\/p><\/li><li><p><strong>Schritt 3<\/strong>: Senden Sie es vorzugsweise mit einem versicherten Versandservice. Die Versandkosten sind auf Sie so viele w\u00e4hlen den g\u00fcnstigsten Service. Im Falle eines Fehlers oder eines Produktfehlers auf unserer Seite erstatten wir Ihnen auch die Versandkosten, jedoch nur, wenn Sie den g\u00fcnstigsten Service in Ihrem Land gew\u00e4hlt haben (meistens regul\u00e4rer Postdienst).<\/p><\/li><li><p><strong>Schritt 4<\/strong>: Nach Erhalt und \u00dcberpr\u00fcfung des Produkts erstatten wir Ihnen die anf\u00e4ngliche Gesamtzahlung normalerweise innerhalb von 3 Werktagen. Basierend auf dem Kommunikationszeitpunkt der R\u00fccksendung k\u00f6nnen Sie \u00fcber die Zahlungsmethode, die Sie zum Zeitpunkt des Kaufs (PayPal oder Kreditkarte) oder der \u00dcberweisung gew\u00e4hlt haben, eine R\u00fcckerstattung erhalten.<\/p><\/li><\/ul>\t\t\t\t\t\t\t\t<\/div>\r\n\t\t\t\t<\/div>\r\n\t\t\t\t<div class=\"elementor-element elementor-element-82ccb08 elementor-widget elementor-widget-text-editor\" data-id=\"82ccb08\" data-element_type=\"widget\" data-widget_type=\"text-editor.default\">\r\n\t\t\t\t<div class=\"elementor-widget-container\">\r\n\t\t\t\t\t\t\t\t\t<h4>Bezahlung<\/h4><p>MasterCard, Visa, American Express Bezahlung erfolgt sofort nach Abschluss der Bestellung \u00fcber eine verschl\u00fcsselte Verbindung und ist sicher.<\/p><p>Beachten Sie, dass Ihr Kreditkartenherausgeber Ihnen m\u00f6glicherweise ein Auslandseinsatzentgelt verrechnen wird, da sich unser Firmensitz in Deutschland befindet. Die Bezahlung PayPal erfolgt sofort nach Abschluss der Bestellung \u00fcber eine verschl\u00fcsselte Verbindung und ist sicher.<\/p><p>Die Bank\u00fcberweisung ist auch m\u00f6glich, aber die Bestellung wird best\u00e4tigt, wenn wir das Geld innerhalb von sieben Tagen erhalten, andernfalls wird Ihre Bestellung storniert. Wenn Sie eine Rechnung brauchen, fordern Sie diese bitte bei der Bestellung per E-Mail an.<\/p>\t\t\t\t\t\t\t\t<\/div>\r\n\t\t\t\t<\/div>\r\n\t\t\t\t<div class=\"elementor-element elementor-element-01e744c elementor-widget elementor-widget-text-editor\" data-id=\"01e744c\" data-element_type=\"widget\" data-widget_type=\"text-editor.default\">\r\n\t\t\t\t<div class=\"elementor-widget-container\">\r\n\t\t\t\t\t\t\t\t\t<h4>Mindestbestellmenge<\/h4><p>Es gibt keinen Minstestbestellwert, au\u00dfer f\u00fcr das Vereinigte K\u00f6nigreich, das 160.00 betr\u00e4gt.<\/p><p>Wenn die Lieferadresse sich in einem europ\u00e4ischen Land befindet,<span class=\"Y2IQFc\" lang=\"de\">\u00a0ist f\u00fcr die Inanspruchnahme des kostenlosen Versands ein Mindestbetrag von 150.00 \u20ac erforderlich.<\/span><\/p>\t\t\t\t\t\t\t\t<\/div>\r\n\t\t\t\t<\/div>\r\n\t\t\t\t\t<\/div>\r\n\t\t\t\t<\/div>\r\n\t\t\t\t<\/div>\r\n\t\t","protected":false},"excerpt":{"rendered":"<p>Diese Lieferbedingungen gelten f\u00fcr Bestellungen von Firmenkunden und Privatpersonen, die in den folgenden L\u00e4nder liegen: Deutschland Bulgarien Tschechische Republik D\u00e4nemark Estland Finnland Irland Lituanien Polen Portugal<span class=\"excerpt-hellip\"> [\u2026]<\/span><\/p>\n","protected":false},"author":1,"featured_media":0,"parent":0,"menu_order":0,"comment_status":"closed","ping_status":"closed","template":"elementor_header_footer","meta":{"footnotes":""},"class_list":["post-13576","page","type-page","status-publish","hentry"],"_links":{"self":[{"href":"https:\/\/riserva.it\/de\/wp-json\/wp\/v2\/pages\/13576","targetHints":{"allow":["GET"]}}],"collection":[{"href":"https:\/\/riserva.it\/de\/wp-json\/wp\/v2\/pages"}],"about":[{"href":"https:\/\/riserva.it\/de\/wp-json\/wp\/v2\/types\/page"}],"author":[{"embeddable":true,"href":"https:\/\/riserva.it\/de\/wp-json\/wp\/v2\/users\/1"}],"replies":[{"embeddable":true,"href":"https:\/\/riserva.it\/de\/wp-json\/wp\/v2\/comments?post=13576"}],"version-history":[{"count":0,"href":"https:\/\/riserva.it\/de\/wp-json\/wp\/v2\/pages\/13576\/revisions"}],"wp:attachment":[{"href":"https:\/\/riserva.it\/de\/wp-json\/wp\/v2\/media?parent=13576"}],"curies":[{"name":"wp","href":"https:\/\/api.w.org\/{rel}","templated":true}]}}