{"id":13555,"date":"2025-05-15T16:28:57","date_gmt":"2025-05-15T14:28:57","guid":{"rendered":"https:\/\/www.riserva.it\/terms-of-use\/"},"modified":"2025-07-07T16:28:18","modified_gmt":"2025-07-07T14:28:18","slug":"allgemeine-geschaeftsbedingungen","status":"publish","type":"page","link":"https:\/\/riserva.it\/de\/allgemeine-geschaeftsbedingungen\/","title":{"rendered":"Allgemeine Gesch\u00e4ftsbedingungen"},"content":{"rendered":"\t\t<div data-elementor-type=\"wp-page\" data-elementor-id=\"13555\" class=\"elementor elementor-13555 elementor-77\" data-elementor-post-type=\"page\">\r\n\t\t\t\t<div class=\"elementor-element elementor-element-3c45462 e-flex e-con-boxed e-con e-parent\" data-id=\"3c45462\" data-element_type=\"container\">\r\n\t\t\t\t\t<div class=\"e-con-inner\">\r\n\t\t\t\t<div class=\"elementor-element elementor-element-9f6c3d7 elementor-widget elementor-widget-woocommerce-breadcrumb\" data-id=\"9f6c3d7\" data-element_type=\"widget\" data-widget_type=\"woocommerce-breadcrumb.default\">\r\n\t\t\t\t<div class=\"elementor-widget-container\">\r\n\t\t\t\t\t<nav class=\"woocommerce-breadcrumb\" aria-label=\"Breadcrumb\">Startseite<\/nav>\t\t\t\t<\/div>\r\n\t\t\t\t<\/div>\r\n\t\t\t\t<div class=\"elementor-element elementor-element-7a69a3f elementor-widget elementor-widget-text-editor\" data-id=\"7a69a3f\" data-element_type=\"widget\" data-widget_type=\"text-editor.default\">\r\n\t\t\t\t<div class=\"elementor-widget-container\">\r\n\t\t\t\t\t\t\t\t\t<h4>1. Einleitung<\/h4><p>Die hier im folgenden beschriebenen Allgemeine Gesch\u00e4ftsbedingungen regeln ausschlie\u00dflich die vertraglichen Beziehungen zwischen dem Besucher oder K\u00e4ufer (nachfolgend als &#8220;Sie&#8221; bezeichnet) der Internetseite\u00a0<a href=\"http:\/\/www.riserva.it\/\">www.riserva.it<\/a>\u00a0\u00a0(nachfolgend als &#8220;Internetseite&#8221; bezeichnet) und Verk\u00e4ufer (nachfolgend als &#8220;Riserva&#8221; bezeichnet). Riserva s.r.l liegt in via dell\u2019Artigianato 1, 31011, Asolo (TV), Italien.<\/p><p>Die Allgemeine Gesch\u00e4ftsbedingungen sind die einzig G\u00fcltigen, und nicht durch andere zu ersetzen, es sei denn, beide Parteien sind einvernehmlich \u00fcbereingekommen, andere Bedingungen zu hantieren, und haben dieses vertraglich festgelegt und unterzeichnet. Beide Parteien akzeptieren diese Bedingungen ohne Einschr\u00e4nkung. RD beh\u00e4lt sich das Recht vor, \u00c4nderungen bei den Bestimmungen vorzunehmen. Darum empfehlen wir, diese bei jedem erneuten Besuch der Internetseite zu lesen.<\/p><p>Riserva geht davon aus, dass Sie vor Ihrer Bestellung die Allgemeine Gesch\u00e4ftsbedingungen gelesen und vorbehaltlos akzeptiert haben. Durch eine Bestellung \u00fcber die Internetseite akzeptieren Sie die Rechtsg\u00fcltigkeit dieser Allgemeine Gesch\u00e4ftsbedingungen.<\/p><p>Die Ung\u00fcltigkeit einer Klausel, oder eines Teils einer Klausel, ber\u00fchrt nicht die G\u00fcltigkeit der \u00fcbrigen Allgemeine Gesch\u00e4ftsbedingungen. Anstatt der ung\u00fcltigen Klausel, oder eines Teils einer Klausel, treten die jeweilig einschl\u00e4gigen gesetzlichen Bestimmungen.<\/p><p>Die Allgemeine Gesch\u00e4ftsbedingungen sind aufgestellt worden, um sowohl Sie als Kunden, wie auch Riserva als Lieferant zu sch\u00fctzen.<\/p>\t\t\t\t\t\t\t\t<\/div>\r\n\t\t\t\t<\/div>\r\n\t\t\t\t<div class=\"elementor-element elementor-element-8b2ed94 elementor-widget elementor-widget-text-editor\" data-id=\"8b2ed94\" data-element_type=\"widget\" data-widget_type=\"text-editor.default\">\r\n\t\t\t\t<div class=\"elementor-widget-container\">\r\n\t\t\t\t\t\t\t\t\t<h4>2. Bestellung durchf\u00fchren<\/h4><p>Sie k\u00f6nnen auf der Webseite\u00a0<a href=\"http:\/\/www.riserva.it\/\">www.riserva.it<\/a>\u00a0bestellen:<\/p><p>Befolgen Sie die nachfolgenden Anweisungen, um Ihre Bestellung durchzugeben, nachdem Sie den Artikel Ihrer Wahl in dem Warenkorb platziert haben:<\/p><ol><li>Geben Sie Ihre pers\u00f6nlichen Daten ein;<\/li><li>Akzeptieren sie die Allgemeinen Gesch\u00e4ftsbedingungen durch die Box neben an zu kreuzen;<\/li><li>W\u00e4hlen sie Ihre Zahlungsart;<\/li><li>Bezahlen, womit die Kaufvertrag mit RD zustande kommt.<\/li><\/ol><p>Solange Ihre Bestellung noch nicht an Sie versand ist, k\u00f6nnen Sie diese kostenlos annullieren. Dies geht telefonisch, +31 599 513482, oder per E-Mail: <a href=\"mailto:info@radicaldesign.de\">info@radicaldesign.de<\/a><\/p>\t\t\t\t\t\t\t\t<\/div>\r\n\t\t\t\t<\/div>\r\n\t\t\t\t<div class=\"elementor-element elementor-element-3153202 elementor-widget elementor-widget-text-editor\" data-id=\"3153202\" data-element_type=\"widget\" data-widget_type=\"text-editor.default\">\r\n\t\t\t\t<div class=\"elementor-widget-container\">\r\n\t\t\t\t\t\t\t\t\t<h4>3. Productinformationen<\/h4><p>Riserva ver\u00f6ffentlicht Informationen \u00fcber die Eigenschaften der Produkte, gibt technische Beschreibungen und Photoillustrationen, soweit die technischen Begrenzungen dies zulassen.<\/p><p>Die Fotos, auf denen die Artikel abgebildet sind, k\u00f6nnen jedoch aufgrund der st\u00e4ndigen Innovation derselben, kleinen Unterschiede zwischen den Textilf\u00e4rbeb\u00e4dern oder auch aufgrund der Farbkonfiguration des Bildschirms, auf dem daher Aussagen oder Anspr\u00fcche angezeigt werden, vom gelieferten Produkt abweichen Aufgrund dieser Fotos wird dies nicht ber\u00fccksichtigt.<\/p>\t\t\t\t\t\t\t\t<\/div>\r\n\t\t\t\t<\/div>\r\n\t\t\t\t<div class=\"elementor-element elementor-element-714ebc1 elementor-widget elementor-widget-text-editor\" data-id=\"714ebc1\" data-element_type=\"widget\" data-widget_type=\"text-editor.default\">\r\n\t\t\t\t<div class=\"elementor-widget-container\">\r\n\t\t\t\t\t\t\t\t\t<h4>4.a. Preise<\/h4><p>Es gelten die Listenpreise in Euro zum Zeitpunkt der Bestellung, nachzulesen auf der Internetseite. In den Preisen ist die MwSt. enthalten. Lieferkosten und eventuelle Z\u00f6lle f\u00fcr Lieferungen in L\u00e4nder au\u00dferhalb der Europ\u00e4ischen Gemeinschaft werden aufgeschlagen. Die Kosten f\u00fcr den Versand werden gesondert berechnet.<\/p><p>Wir behalten uns das Recht vor, jederzeit Preis\u00e4nderungen vorzunehmen, verpflichten uns jedoch, den zum Zeitpunkt Ihrer Bestellung auf der Internetseite angegebenen Preis zu hantieren.<\/p>\t\t\t\t\t\t\t\t<\/div>\r\n\t\t\t\t<\/div>\r\n\t\t\t\t<div class=\"elementor-element elementor-element-8fe6548 elementor-widget elementor-widget-text-editor\" data-id=\"8fe6548\" data-element_type=\"widget\" data-widget_type=\"text-editor.default\">\r\n\t\t\t\t<div class=\"elementor-widget-container\">\r\n\t\t\t\t\t\t\t\t\t<h4>4b. Preise au\u00dferhalb der EU<\/h4><p>Alle unsere Preise sind f\u00fcr EU- und Nicht-EU-Lieferadressen gleich. Nur der Preis f\u00fcr den Versand innerhalb der EU beinhaltet 21% MwSt. und der Versand au\u00dferhalb der EU beinhaltet 0% MwSt. Grund daf\u00fcr ist, dass es wesentlich mehr Zeit dauert, eine Sendung au\u00dferhalb der Europ\u00e4ischen Union zu versenden, da die Papiere dies erfordern.<\/p><p>Aus Gr\u00fcnden der Einfachheit f\u00fcr uns und den Kunden haben wir uns deshalb dazu entschieden, einen Preis f\u00fcr die gesamte Website f\u00fcr alle Ziele zu verwenden. Dies bedeutet, dass f\u00fcr Lieferungen au\u00dferhalb der EU keine Mehrwertsteuer zur\u00fcckgefordert werden kann.<\/p>\t\t\t\t\t\t\t\t<\/div>\r\n\t\t\t\t<\/div>\r\n\t\t\t\t<div class=\"elementor-element elementor-element-a2ba4a0 elementor-widget elementor-widget-text-editor\" data-id=\"a2ba4a0\" data-element_type=\"widget\" data-widget_type=\"text-editor.default\">\r\n\t\t\t\t<div class=\"elementor-widget-container\">\r\n\t\t\t\t\t\t\t\t\t<h4>5. Verf\u00fcgbarkeit<\/h4><p>Ihre Bestellung wird bearbeitet, sofern das durch Sie bestellte Produkt vorr\u00e4tig ist. Sollte dies nicht der Fall sein, so nehmen wir innerhalb von 7 Tagen nach Eingang der Bestellung via E-Mail Kontakt zu Ihnen auf, um Ihnen mitzuteilen in welchem Zeitraum die Lieferung gegebenenfalls erfolgen kann.<\/p><p>Sind einige der von Ihnen bestellten Produkte nicht vorr\u00e4tig, senden wir Ihnen auf Wunsch die vorr\u00e4tigen Produkte zu und verpflichten uns, die Versandkosten f\u00fcr die nachzuliefernde Ware zu \u00fcbernehmen. Anstelle des nicht vorr\u00e4tigen Produktes bieten wir Ihnen \u00fcber E-Mail ein in Qualit\u00e4t und Preis gleichwertiges Produkt an. Sollten Sie dieses Angebot nicht annehmen, kann das Produkt r\u00fcckerstattet werden. Wenn Sie das Produkt im Rahmen des Art. 8 (Widerrufs- und R\u00fcckgaberecht) zur\u00fcckgeben m\u00f6chten, tragen wir die Portokosten.<\/p>\t\t\t\t\t\t\t\t<\/div>\r\n\t\t\t\t<\/div>\r\n\t\t\t\t<div class=\"elementor-element elementor-element-5ffc76b elementor-widget elementor-widget-text-editor\" data-id=\"5ffc76b\" data-element_type=\"widget\" data-widget_type=\"text-editor.default\">\r\n\t\t\t\t<div class=\"elementor-widget-container\">\r\n\t\t\t\t\t\t\t\t\t<h4>6. Lieferung<\/h4><p>Wir liefern Ihre Bestellung an die Adresse, welche Sie bei Ihrer Bestellung angegeben haben. Abh\u00e4ngig von Ihrer Lieferadresse w\u00e4hlt Riserva die Versandart aus. In allen F\u00e4llen fragt der Transportservice eine Telefonnummer an, \u00fcber die Sie tags\u00fcber erreichbar sind. Wir geben die von Ihnen angegebene Nummer weiter.<\/p><p>Riserva bem\u00fcht sich, die angegebenen Lieferzeiten einzuhalten. Sollte eine Lieferung dennoch durch verschulden Dritter, unvorhersehbaren Umst\u00e4nde oder \u00dcbermacht, nicht rechtzeitig ankommen, so k\u00f6nnen wir daf\u00fcr nicht haftbar gemacht werden. Wird eine Bestellung nicht innerhalb der angegebenen Lieferzeit besorgt, so wird beim jeweiligen Versandservice eine Untersuchung eingeleitet, welche mehrere Wochen in Anspruch nehmen kann. W\u00e4hrend dieser Zeit wird keine Zur\u00fcckzahlung vorgenommen oder eine andere oder ersatzweise Lieferung durchgef\u00fchrt.<\/p><p>Kontrollieren Sie beim Empfang Ihrer Bestellung, ob diese korrekt ist. Sollte dies nicht der Fall sein, schreiben Sie uns eine E-Mail, in der Sie deutlich machen, wo die Abweichungen liegen. Sollte daraus resultieren, dass ein Produkt nicht der Bestellung entspricht, haben Sie die M\u00f6glichkeit zwischen Reparatur oder Ersatz zu w\u00e4hlen, es sei denn die Kosten f\u00fcr eine der beiden Optionen weicht disproportional von der andere ab, dann entscheiden wir. Es kann sein, dass eine Bestellung 2 Wochen unterwegs ist. Dies ist abh\u00e4ngig vom Bestimmungsland.<\/p><p>Wir kontrollieren alle mit Kreditkarte bezahlten Bestellungen. Um Ihre Bestellung bearbeiten zu k\u00f6nnen, kann es sein das wir zus\u00e4tzliche Informationen ben\u00f6tigen, welche wir dann anfragen.\u00a0<\/p><p>Dazu ist es notwendig, dass Sie bei Ihrer Bestellung folgende Informationen verstrecken:<\/p><ul><li><p>eine E-Mail Adresse (die Sie t\u00e4gl. kontrollieren)<\/p><\/li><li><p>eine Telefonnummer (mobil, Festanschluss) \u00fcber die Sie w\u00e4hrend der Gesch\u00e4ftszeiten zu erreichen sind.<\/p><\/li><\/ul><p>Riserva muss von Ihnen f\u00fcr jede Bestellung mit einem Wert von \u00fcber Euro 1000 die Kopie eines Identit\u00e4tsbeweises (Pass oder F\u00fchrerschein) und die Befestigung der Meldeadresse (Telefon- oder Elektrizit\u00e4tsrechnung) haben. Senden Sie diese Angaben per E-Mail oder Post. Diese Ma\u00dfnahmen sind n\u00f6tig, um sowohl Sie als Kunden, wie auch\u00a0 gegen m\u00f6glichen Kreditkartenbetrug zu sch\u00fctzen.<\/p>\t\t\t\t\t\t\t\t<\/div>\r\n\t\t\t\t<\/div>\r\n\t\t\t\t<div class=\"elementor-element elementor-element-668d368 elementor-widget elementor-widget-text-editor\" data-id=\"668d368\" data-element_type=\"widget\" data-widget_type=\"text-editor.default\">\r\n\t\t\t\t<div class=\"elementor-widget-container\">\r\n\t\t\t\t\t\t\t\t\t<h4>7. Sichere Bezahlung<\/h4><p>Riserva bietet Ihnen mehrere Bezahlungsm\u00f6glichkeiten: Mastercard, Visa, oder Mastecard und PayPal.<\/p><p>Abh\u00e4ngig von der gew\u00e4hlten Bezahlmethode kann sich die Auslieferung um mehrere Tage verz\u00f6gern, da wir Ihre Bestellung erst bearbeiten, wenn die Bezahlung auf dem Konto von RD eingegangen ist.<\/p><p>Ein Onlinebezahlung wird durch das &#8220;SECURE SOCKET LAYER&#8221; System gesch\u00fctzt. Hierbei werden Ihren Bankdaten beim Versand \u00fcber Internet verschl\u00fcsselt.<\/p>\t\t\t\t\t\t\t\t<\/div>\r\n\t\t\t\t<\/div>\r\n\t\t\t\t<div class=\"elementor-element elementor-element-c72b9b9 elementor-widget elementor-widget-text-editor\" data-id=\"c72b9b9\" data-element_type=\"widget\" data-widget_type=\"text-editor.default\">\r\n\t\t\t\t<div class=\"elementor-widget-container\">\r\n\t\t\t\t\t\t\t\t\t<h4>8. Widerrufs- und R\u00fcckgaberecht<\/h4><p>Mit Riserva k\u00f6nnen Sie ein Produkt 14 Tage zur\u00fcckgeben, mit dem Sie nicht zufrieden sind.<\/p><p>Ihr Widerrufsrecht beginnt ab dem Zeitpunkt der Lieferung Ihrer Bestellung. Sie k\u00f6nnen die Produkte innerhalb dieser Frist zusammen mit Ihrer Rechnung und einem Ausdruck der R\u00fcckbest\u00e4tigungs-E-Mail von Riserva zur\u00fccksenden.<\/p><p>Das R\u00fcckgaberecht besteht nur f\u00fcr Produkte, die sich in einem Zustand \u201eneu\u201c befinden, vollst\u00e4ndig sind und nicht verwendet wurden. Es sollte in der Originalverpackung zur\u00fcckgeschickt werden.<\/p><p>Wenn Sie Ihr Widerrufsrecht in Anspruch nehmen m\u00f6chten, erstattet Riserva die R\u00fcckerstattung innerhalb von 14 Tagen nach Ihrem R\u00fcckerstattungsantrag. Wir behalten uns jedoch das Recht vor, 3 Werktage nach Erhalt der zur\u00fcckgegebenen Produkte zu verwenden.<\/p><p>Riserva empfiehlt, dass Sie uns die Produkte per Einschreiben schicken und bei dem Spediteur eine Versicherung \u00fcber den Wert der Produkte abschlie\u00dfen. Dies ist insbesondere notwendig, wenn sie die Ware verlieren oder besch\u00e4digen.<\/p><p>Versandkosten und Risiko bleiben in Ihrer Verantwortung, es sei denn, das Produkt entsprecht nicht seiner Beschreibung.<\/p>\t\t\t\t\t\t\t\t<\/div>\r\n\t\t\t\t<\/div>\r\n\t\t\t\t<div class=\"elementor-element elementor-element-03a7fa3 elementor-widget elementor-widget-heading\" data-id=\"03a7fa3\" data-element_type=\"widget\" data-widget_type=\"heading.default\">\r\n\t\t\t\t<div class=\"elementor-widget-container\">\r\n\t\t\t\t\t<h3 class=\"elementor-heading-title elementor-size-default\">9.\nGew\u00e4hrleistung<\/h3>\t\t\t\t<\/div>\r\n\t\t\t\t<\/div>\r\n\t\t\t\t<div class=\"elementor-element elementor-element-d3d993a elementor-widget elementor-widget-text-editor\" data-id=\"d3d993a\" data-element_type=\"widget\" data-widget_type=\"text-editor.default\">\r\n\t\t\t\t<div class=\"elementor-widget-container\">\r\n\t\t\t\t\t\t\t\t\t<h4>9.a\u00a0Gesetzliche Garantie<\/h4><p>F\u00fcr alle von Riserva verkauften Produkte gilt eine gesetzliche Garantie in Bezug auf Produktkonformit\u00e4t und latente M\u00e4ngel, wie in den folgenden gesetzlichen Bestimmungen angegeben.Es ist erforderlich, Riserva innerhalb eines Zeitraums von zwei Monaten ab Lieferung des Produkts und eines Zeitraums von f\u00fcnf Jahren f\u00fcr etwaige latente M\u00e4ngel \u00fcber etwaige Abweichungen zu informieren. Nach dieser Zeit \u00fcbernimmt Riserva keine Verantwortung f\u00fcr Verst\u00f6\u00dfe oder latente M\u00e4ngel.Was auch immer das Problem mit Ihrem Produkt ist, wir bitten Sie, es zur\u00fcckzusenden und mit dem defekten Produkt eine Kopie der Rechnung und einen Ausdruck der E-Mail beizuf\u00fcgen, die die von Riserva gesendete R\u00fccksendung best\u00e4tigt.Die Versandkosten der Produkte gehen zu Ihren Lasten. Sie k\u00f6nnen das Produkt per Post oder einer vergleichbaren Reederei an uns zur\u00fccksenden. Riserva f\u00fchrt dann alle notwendigen Reparaturen durch.\u00a0Die gesetzlichen Garantien gelten nicht f\u00fcr Reparaturen von Sch\u00e4den, die durch \u00e4u\u00dfere Ursachen (z. B. einen Unfall), durch unsachgem\u00e4\u00dfe Verwendung, Besch\u00e4digung oder auf jeden Fall nicht auf Herstellungsfehler zur\u00fcckzuf\u00fchren sind.\u00a0<\/p>\t\t\t\t\t\t\t\t<\/div>\r\n\t\t\t\t<\/div>\r\n\t\t\t\t<div class=\"elementor-element elementor-element-6140738 elementor-widget elementor-widget-text-editor\" data-id=\"6140738\" data-element_type=\"widget\" data-widget_type=\"text-editor.default\">\r\n\t\t\t\t<div class=\"elementor-widget-container\">\r\n\t\t\t\t\t\t\t\t\t<h4>9b. Garantie Riserva<\/h4><p>Riserva gibt auf versteckte M\u00e4ngel und Materialfehler f\u00fcr alle verkauften Produkte eine beschr\u00e4nkte Garantie von 5 Jahren. Nicht unter die Garantie fallen normaler Verschlei\u00df, Rei\u00dfverschl\u00fcsse, Stoffbeschichtungen und Sch\u00e4den verursacht durch einen Unfall verursacht durch Sie oder Dritte, sowie Sch\u00e4den verursacht durch unsachgem\u00e4\u00dfen , sehr intensiven , abnormalen Gebrauch.<\/p><p>Riserva pr\u00fcft, ob eine Reparatur oder der Ersatz eines Produktes gem\u00e4\u00df den Garantiebestimmungen erfolgen kann.<\/p><p>Kann der Schaden nicht durch die Garantie gedeckt werden, so erstellt Riserva einen Kostenvoranschlag f\u00fcr die Reparatur oder ein Ersatzprodukt. Reparatur oder Versand eines Ersatzproduktes werden eingeleitet, nachdem Sie den Kostenvoranschlag bezahlt und somit auch akzeptiert haben. Sollten Sie diesen nicht akzeptieren, so behalten wir uns vor Ihnen Bearbeitungsgeb\u00fchren zu berechnen.<\/p>\t\t\t\t\t\t\t\t<\/div>\r\n\t\t\t\t<\/div>\r\n\t\t\t\t<div class=\"elementor-element elementor-element-d47ba69 elementor-widget elementor-widget-text-editor\" data-id=\"d47ba69\" data-element_type=\"widget\" data-widget_type=\"text-editor.default\">\r\n\t\t\t\t<div class=\"elementor-widget-container\">\r\n\t\t\t\t\t\t\t\t\t<h4>10. Haftung<\/h4><p>Riserva \u00fcbernimmt keine Haftung f\u00fcr Sch\u00e4den jeglicher Art, entstanden aus unsachgem\u00e4\u00dfem Gebrauch der Produkte. Auch wenn unsere Produkte f\u00fchren wie professionelle Produkte, so sind Sie doch ausschlie\u00dflich f\u00fcr den Privatgebrauch hergestellt.<\/p><p>Riserva \u00fcbernimmt keine Verantwortung f\u00fcr unvorhersehbare Sch\u00e4den entstanden durch den Ankauf, die Lieferung oder das Produkt selbst, w\u00e4hrend oder nach dem Ankauf eines Produktes \u00fcber die Internetseite, durch Selbstverschulden oder entstanden durch Dritte.<\/p>\t\t\t\t\t\t\t\t<\/div>\r\n\t\t\t\t<\/div>\r\n\t\t\t\t<div class=\"elementor-element elementor-element-fe55c92 elementor-widget elementor-widget-text-editor\" data-id=\"fe55c92\" data-element_type=\"widget\" data-widget_type=\"text-editor.default\">\r\n\t\t\t\t<div class=\"elementor-widget-container\">\r\n\t\t\t\t\t\t\t\t\t<h4>11. <strong>\u00a0K<\/strong>undenmeinung, Kritik, Kommunikation<\/h4><p>Die bei Riserva eingehenden Kundenreaktionen werden von der Marketingabteilung gegengelesen und bearbeitet. Wenn eine Kundenreaktion gegen Gesetze oder Ethik verst\u00f6\u00dft (missbr\u00e4uchliche Werbung, Verleumdungen, Beleidigung, Kommentare welche nicht das Thema betreffen), beh\u00e4lt sich Riserva vor, diese nicht zu ver\u00f6ffentlichen.<\/p>\t\t\t\t\t\t\t\t<\/div>\r\n\t\t\t\t<\/div>\r\n\t\t\t\t<div class=\"elementor-element elementor-element-add9d7f elementor-widget elementor-widget-text-editor\" data-id=\"add9d7f\" data-element_type=\"widget\" data-widget_type=\"text-editor.default\">\r\n\t\t\t\t<div class=\"elementor-widget-container\">\r\n\t\t\t\t\t\t\t\t\t<h4>12. Datenschutzerkl\u00e4rungen<\/h4><p>Ihre Bestandsdaten werden ausschlie\u00dflich zur Bearbeitung Ihrer Bestellungen verwendet. Da die Informationen jedoch unabdingbar sind f\u00fcr die Bearbeitung und Lieferung der Bestellung und f\u00fcr das Erstellen von Rechnungen und Garantievertr\u00e4gen, w\u00fcrde ein Fehlen derselben zur Stornierung der Bestellung f\u00fchren. Bei Registrierung auf der Internetseite verpflichten Sie sich, vollst\u00e4ndige und korrekte Angaben zu Ihrer Person zu machen. Die Mitteilung von falschen Informationen steht im Widerspruch zu den vorliegenden Allgemeine Gesch\u00e4ftsbedingungen.<\/p><p>Sie haben das permanente Recht, auf alle Informationen, die Sie betreffen, zuzugreifen und sie zu korrigieren. Sie k\u00f6nnen jederzeit eine Anfrage an Riserva stellen, um herauszufinden, welche personenbezogenen Daten Sie \u00fcber Sie haben. Sie k\u00f6nnen diese Informationen jederzeit und auf Anfrage \u00e4ndern.<\/p><p>Wenn Sie sich bei der Registrierung auf der Website f\u00fcr den Erhalt unserer Werbe-E-Mails entschieden haben, werden Ihnen Angebote, einschlie\u00dflich neuer Artikel, Freigabe, Exklusivit\u00e4ten, gute Angebote usw., zugesandt. Sie k\u00f6nnen jederzeit beantragen, keine weiteren E-Mails von uns zu erhalten, indem Sie auf den zu diesem Zweck erstellten Link klicken, der am Ende jeder Seite unserer E-Mails eingef\u00fcgt wird. Die gesammelten pers\u00f6nlichen Daten werden nicht verkauft oder an Dritte weitergegeben, sofern dies nicht gesetzlich vorgeschrieben ist. Sie k\u00f6nnen die L\u00f6schung Ihrer pers\u00f6nlichen Informationen aus unseren Dateien per E-Mail an info@riserva.it bestellen.<\/p>\t\t\t\t\t\t\t\t<\/div>\r\n\t\t\t\t<\/div>\r\n\t\t\t\t<div class=\"elementor-element elementor-element-3ee4ebf elementor-widget elementor-widget-text-editor\" data-id=\"3ee4ebf\" data-element_type=\"widget\" data-widget_type=\"text-editor.default\">\r\n\t\t\t\t<div class=\"elementor-widget-container\">\r\n\t\t\t\t\t\t\t\t\t<h4>13. Geistiges Eigentum<\/h4><p>Der Inhalt der Website ist Eigentum von Riserva. Es ist durch internationale Gesetze zum Urheberrecht und geistiges, k\u00fcnstlerisches und literarisches Eigentum gesch\u00fctzt. Alle auf der Website vorhandenen Teile wie Modelle, Logos, Layout und Marken sind durch geistiges Eigentum gesch\u00fctzt und bilden das ausschlie\u00dfliche Eigentum von Riserva.<\/p>\t\t\t\t\t\t\t\t<\/div>\r\n\t\t\t\t<\/div>\r\n\t\t\t\t<div class=\"elementor-element elementor-element-0090485 elementor-widget elementor-widget-text-editor\" data-id=\"0090485\" data-element_type=\"widget\" data-widget_type=\"text-editor.default\">\r\n\t\t\t\t<div class=\"elementor-widget-container\">\r\n\t\t\t\t\t\t\t\t\t<h4>14. Bildrechte<\/h4><p>Die Fotos auf dieser Website stammen haupts\u00e4chlich von J\u00e4gern und professionellen Fotografen, die mit Riserva arbeiten. Wir bitten Fotografen immer um Erlaubnis, die Bilder verwenden zu d\u00fcrfen. Diese Bilder d\u00fcrfen ohne vorherige schriftliche Zustimmung des Autors nicht reproduziert oder verwendet werden, au\u00dfer zum Herunterladen und Anzeigen auf einem einzelnen Computer und\/oder zum Drucken einer einzelnen Hardcopy f\u00fcr den pers\u00f6nlichen und nicht kommerziellen Gebrauch.\u00a0Wenn Sie feststellen, dass Ihr Foto ohne Ihre Erlaubnis oder ohne vorherige Ank\u00fcndigung ver\u00f6ffentlicht wurde.\u00a0Bitte kontaktieren Sie uns, damit wir die Unannehmlichkeiten sofort beheben und\/oder das Bild entfernen k\u00f6nnen.<\/p>\t\t\t\t\t\t\t\t<\/div>\r\n\t\t\t\t<\/div>\r\n\t\t\t\t\t<\/div>\r\n\t\t\t\t<\/div>\r\n\t\t\t\t<\/div>\r\n\t\t","protected":false},"excerpt":{"rendered":"<p>1. Einleitung Die hier im folgenden beschriebenen Allgemeine Gesch\u00e4ftsbedingungen regeln ausschlie\u00dflich die vertraglichen Beziehungen zwischen dem Besucher oder K\u00e4ufer (nachfolgend als &#8220;Sie&#8221; bezeichnet) der Internetseite\u00a0www.riserva.it\u00a0\u00a0(nachfolgend als<span class=\"excerpt-hellip\"> [\u2026]<\/span><\/p>\n","protected":false},"author":1,"featured_media":0,"parent":0,"menu_order":0,"comment_status":"open","ping_status":"closed","template":"elementor_header_footer","meta":{"footnotes":""},"class_list":["post-13555","page","type-page","status-publish","hentry"],"_links":{"self":[{"href":"https:\/\/riserva.it\/de\/wp-json\/wp\/v2\/pages\/13555","targetHints":{"allow":["GET"]}}],"collection":[{"href":"https:\/\/riserva.it\/de\/wp-json\/wp\/v2\/pages"}],"about":[{"href":"https:\/\/riserva.it\/de\/wp-json\/wp\/v2\/types\/page"}],"author":[{"embeddable":true,"href":"https:\/\/riserva.it\/de\/wp-json\/wp\/v2\/users\/1"}],"replies":[{"embeddable":true,"href":"https:\/\/riserva.it\/de\/wp-json\/wp\/v2\/comments?post=13555"}],"version-history":[{"count":0,"href":"https:\/\/riserva.it\/de\/wp-json\/wp\/v2\/pages\/13555\/revisions"}],"wp:attachment":[{"href":"https:\/\/riserva.it\/de\/wp-json\/wp\/v2\/media?parent=13555"}],"curies":[{"name":"wp","href":"https:\/\/api.w.org\/{rel}","templated":true}]}}